{"id":770,"date":"2019-05-09T14:02:03","date_gmt":"2019-05-09T12:02:03","guid":{"rendered":"http:\/\/maisonboulvern.com\/?page_id=770"},"modified":"2022-01-07T10:06:41","modified_gmt":"2022-01-07T09:06:41","slug":"over","status":"publish","type":"page","link":"https:\/\/www.maisonboulvern.com\/index.php\/nl\/over\/","title":{"rendered":"Over Maison Boulvern"},"content":{"rendered":"\n<h2 class=\"wp-block-heading\">Laat ons het mooie Maison Boulvern met u delen<\/h2>\n\n\n\n<p>Maison Boulvern is een mix tussen vrijheid, authenticiteit en moderniteit. Je kan hier terug naar de natuur en de bewaarde Bretonse cultuur ervaren. U wordt verwelkomt door uw gastvrouw Josje. Een jonge vrouw die samen met haar man en tweeling uw verblijf compleet maken.&nbsp;<\/p>\n\n\n\n<p>Ons ruime huis beschikt over vier gastenkamers die licht, strak en comfortabel zijn ingericht met veel eigen faciliteiten. Elke kamer biedt een mooi uitzicht over de omliggende velden of onze mooie tuin.<\/p>\n\n\n\n<div class=\"wp-block-image\"><figure class=\"aligncenter\"><img loading=\"lazy\" decoding=\"async\" width=\"300\" height=\"160\" src=\"http:\/\/maisonboulvern.com\/wp-content\/uploads\/2018\/07\/Salon_2000x1065-300x160.jpg\" alt=\"\" class=\"wp-image-433\" srcset=\"https:\/\/www.maisonboulvern.com\/wp-content\/uploads\/2018\/07\/Salon_2000x1065-300x160.jpg 300w, https:\/\/www.maisonboulvern.com\/wp-content\/uploads\/2018\/07\/Salon_2000x1065-768x409.jpg 768w, https:\/\/www.maisonboulvern.com\/wp-content\/uploads\/2018\/07\/Salon_2000x1065-1024x545.jpg 1024w, https:\/\/www.maisonboulvern.com\/wp-content\/uploads\/2018\/07\/Salon_2000x1065-1052x560.jpg 1052w, https:\/\/www.maisonboulvern.com\/wp-content\/uploads\/2018\/07\/Salon_2000x1065.jpg 2000w\" sizes=\"auto, (max-width: 300px) 100vw, 300px\" \/><\/figure><\/div>\n\n\n\n<p>In de salon kunnen we samen komen. Om te eten, te ontmoeten of om te zitten lezen. In onze tuin kun je heerlijk zitten lezen of gewoon genieten van de stilte en het groen. De tuin biedt zowel privacy als mogelijkheid om elkaar te ontmoeten. Het is een kindvriendelijke omgeving en er kan naar hartenlust gespeeld en ontdekt worden op ons terrein.<\/p>\n\n\n\n<p>Wij serveren een uitgebreid ontbijt met brood van de beste bakker uit de omgeving en met zoveel mogelijk lokaal en biologisch geproduceerde producten. <\/p>\n\n\n\n<figure class=\"wp-block-gallery columns-3 is-cropped wp-block-gallery-1 is-layout-flex wp-block-gallery-is-layout-flex\"><ul class=\"blocks-gallery-grid\"><li class=\"blocks-gallery-item\"><figure><img decoding=\"async\" src=\"http:\/\/maisonboulvern.com\/wp-content\/uploads\/2018\/08\/Fa\u00e7ade-\u00c9t\u00e9_2000x1065.jpg\" alt=\"\" data-id=\"504\" class=\"wp-image-504\"\/><\/figure><\/li><li class=\"blocks-gallery-item\"><figure><img decoding=\"async\" src=\"http:\/\/maisonboulvern.com\/wp-content\/uploads\/2018\/08\/Fa\u00e7ade-Escalier_2000x1065.jpg\" alt=\"\" data-id=\"505\" class=\"wp-image-505\"\/><\/figure><\/li><li class=\"blocks-gallery-item\"><figure><img loading=\"lazy\" decoding=\"async\" width=\"2000\" height=\"1065\" src=\"http:\/\/maisonboulvern.com\/wp-content\/uploads\/2018\/07\/NatureinBoulvern_2000x1065.jpg\" alt=\"\" data-id=\"434\" class=\"wp-image-434\" srcset=\"https:\/\/www.maisonboulvern.com\/wp-content\/uploads\/2018\/07\/NatureinBoulvern_2000x1065.jpg 2000w, https:\/\/www.maisonboulvern.com\/wp-content\/uploads\/2018\/07\/NatureinBoulvern_2000x1065-300x160.jpg 300w, https:\/\/www.maisonboulvern.com\/wp-content\/uploads\/2018\/07\/NatureinBoulvern_2000x1065-768x409.jpg 768w, https:\/\/www.maisonboulvern.com\/wp-content\/uploads\/2018\/07\/NatureinBoulvern_2000x1065-1024x545.jpg 1024w, https:\/\/www.maisonboulvern.com\/wp-content\/uploads\/2018\/07\/NatureinBoulvern_2000x1065-1052x560.jpg 1052w\" sizes=\"auto, (max-width: 2000px) 100vw, 2000px\" \/><\/figure><\/li><li class=\"blocks-gallery-item\"><figure><img loading=\"lazy\" decoding=\"async\" width=\"1065\" height=\"1065\" src=\"http:\/\/maisonboulvern.com\/wp-content\/uploads\/2018\/07\/Chambre1_n\u00ba_1065x1065.jpg\" alt=\"\" data-id=\"450\" class=\"wp-image-450\" srcset=\"https:\/\/www.maisonboulvern.com\/wp-content\/uploads\/2018\/07\/Chambre1_n\u00ba_1065x1065.jpg 1065w, https:\/\/www.maisonboulvern.com\/wp-content\/uploads\/2018\/07\/Chambre1_n\u00ba_1065x1065-150x150.jpg 150w, https:\/\/www.maisonboulvern.com\/wp-content\/uploads\/2018\/07\/Chambre1_n\u00ba_1065x1065-300x300.jpg 300w, https:\/\/www.maisonboulvern.com\/wp-content\/uploads\/2018\/07\/Chambre1_n\u00ba_1065x1065-768x768.jpg 768w, https:\/\/www.maisonboulvern.com\/wp-content\/uploads\/2018\/07\/Chambre1_n\u00ba_1065x1065-1024x1024.jpg 1024w, https:\/\/www.maisonboulvern.com\/wp-content\/uploads\/2018\/07\/Chambre1_n\u00ba_1065x1065-560x560.jpg 560w\" sizes=\"auto, (max-width: 1065px) 100vw, 1065px\" \/><\/figure><\/li><li class=\"blocks-gallery-item\"><figure><img decoding=\"async\" src=\"http:\/\/maisonboulvern.com\/wp-content\/uploads\/2018\/08\/Petit-d\u00e9jeuner_2000x1065.jpg\" alt=\"\" data-id=\"500\" class=\"wp-image-500\"\/><\/figure><\/li><li class=\"blocks-gallery-item\"><figure><img loading=\"lazy\" decoding=\"async\" width=\"2000\" height=\"1065\" src=\"http:\/\/maisonboulvern.com\/wp-content\/uploads\/2018\/07\/Salon_2000x1065.jpg\" alt=\"\" data-id=\"433\" class=\"wp-image-433\" srcset=\"https:\/\/www.maisonboulvern.com\/wp-content\/uploads\/2018\/07\/Salon_2000x1065.jpg 2000w, https:\/\/www.maisonboulvern.com\/wp-content\/uploads\/2018\/07\/Salon_2000x1065-300x160.jpg 300w, https:\/\/www.maisonboulvern.com\/wp-content\/uploads\/2018\/07\/Salon_2000x1065-768x409.jpg 768w, https:\/\/www.maisonboulvern.com\/wp-content\/uploads\/2018\/07\/Salon_2000x1065-1024x545.jpg 1024w, https:\/\/www.maisonboulvern.com\/wp-content\/uploads\/2018\/07\/Salon_2000x1065-1052x560.jpg 1052w\" sizes=\"auto, (max-width: 2000px) 100vw, 2000px\" \/><\/figure><\/li><li class=\"blocks-gallery-item\"><figure><img loading=\"lazy\" decoding=\"async\" width=\"2000\" height=\"1065\" src=\"http:\/\/maisonboulvern.com\/wp-content\/uploads\/2018\/08\/Plage-StAnne_2000x1065.jpg\" alt=\"\" data-id=\"502\" class=\"wp-image-502\" srcset=\"https:\/\/www.maisonboulvern.com\/wp-content\/uploads\/2018\/08\/Plage-StAnne_2000x1065.jpg 2000w, https:\/\/www.maisonboulvern.com\/wp-content\/uploads\/2018\/08\/Plage-StAnne_2000x1065-300x160.jpg 300w, https:\/\/www.maisonboulvern.com\/wp-content\/uploads\/2018\/08\/Plage-StAnne_2000x1065-768x409.jpg 768w, https:\/\/www.maisonboulvern.com\/wp-content\/uploads\/2018\/08\/Plage-StAnne_2000x1065-1024x545.jpg 1024w, https:\/\/www.maisonboulvern.com\/wp-content\/uploads\/2018\/08\/Plage-StAnne_2000x1065-1052x560.jpg 1052w\" sizes=\"auto, (max-width: 2000px) 100vw, 2000px\" \/><\/figure><\/li><li class=\"blocks-gallery-item\"><figure><img loading=\"lazy\" decoding=\"async\" width=\"2000\" height=\"1065\" src=\"http:\/\/maisonboulvern.com\/wp-content\/uploads\/2018\/08\/Pardon-StAnne_2000x1065.jpg\" alt=\"\" data-id=\"503\" class=\"wp-image-503\" srcset=\"https:\/\/www.maisonboulvern.com\/wp-content\/uploads\/2018\/08\/Pardon-StAnne_2000x1065.jpg 2000w, https:\/\/www.maisonboulvern.com\/wp-content\/uploads\/2018\/08\/Pardon-StAnne_2000x1065-300x160.jpg 300w, https:\/\/www.maisonboulvern.com\/wp-content\/uploads\/2018\/08\/Pardon-StAnne_2000x1065-768x409.jpg 768w, https:\/\/www.maisonboulvern.com\/wp-content\/uploads\/2018\/08\/Pardon-StAnne_2000x1065-1024x545.jpg 1024w, https:\/\/www.maisonboulvern.com\/wp-content\/uploads\/2018\/08\/Pardon-StAnne_2000x1065-1052x560.jpg 1052w\" sizes=\"auto, (max-width: 2000px) 100vw, 2000px\" \/><\/figure><\/li><li class=\"blocks-gallery-item\"><figure><img loading=\"lazy\" decoding=\"async\" width=\"2000\" height=\"1065\" src=\"http:\/\/maisonboulvern.com\/wp-content\/uploads\/2018\/07\/Activit\u00e9s_Pointeduraz_2000x1065.jpg\" alt=\"\" data-id=\"470\" class=\"wp-image-470\" srcset=\"https:\/\/www.maisonboulvern.com\/wp-content\/uploads\/2018\/07\/Activit\u00e9s_Pointeduraz_2000x1065.jpg 2000w, https:\/\/www.maisonboulvern.com\/wp-content\/uploads\/2018\/07\/Activit\u00e9s_Pointeduraz_2000x1065-300x160.jpg 300w, https:\/\/www.maisonboulvern.com\/wp-content\/uploads\/2018\/07\/Activit\u00e9s_Pointeduraz_2000x1065-768x409.jpg 768w, https:\/\/www.maisonboulvern.com\/wp-content\/uploads\/2018\/07\/Activit\u00e9s_Pointeduraz_2000x1065-1024x545.jpg 1024w, https:\/\/www.maisonboulvern.com\/wp-content\/uploads\/2018\/07\/Activit\u00e9s_Pointeduraz_2000x1065-1052x560.jpg 1052w\" sizes=\"auto, (max-width: 2000px) 100vw, 2000px\" \/><\/figure><\/li><\/ul><\/figure>\n\n\n\n<p>Maison Boulvern is wat hier een maison patat wordt genoemd. Het huis is in 1956 gebouwd door een Bretonse aardappelboer in een tijd waarin de aardappelteelt floriseerde.&nbsp;<\/p>\n\n\n\n<p>De architect heeft een rijk, maar tegelijk praktisch huis ontworpen met een eetzaal voor de knechten, een prachtige salon voor de familie en een ruime trap en trappenhuis die naar de vier slaapkamers op de eerste verdieping leidt. De typische voordeur van het huis is het logo van Maison Boulvern.<\/p>\n\n\n\n<h4 class=\"wp-block-heading\">Voor meer informatie en uw reservering:<\/h4>\n\n\n\n<p><strong>+33 2 98 50 46 25 (FR \/ EN) of +31 6 41 37 54 88 (NL)<\/strong><\/p>\n\n\n\n<p><a href=\"mailto:info@maisonboulvern.com\" target=\"_blank\" rel=\"noreferrer noopener\">info@maisonboulvern.com<\/a><\/p>\n\n\n<p>[googlemaps https:\/\/www.google.com\/maps\/embed?pb=!1m18!1m12!1m3!1d2661.0705069186833!2d-4.150978248558588!3d48.16672235700716!2m3!1f0!2f0!3f0!3m2!1i1024!2i768!4f13.1!3m3!1m2!1s0x48113280533d682b%3A0x14960be1c52fd1a8!2sMaison+Boulvern!5e0!3m2!1snl!2sfr!4v1534356740798&amp;w=600&amp;h=450]<\/p>\n","protected":false},"excerpt":{"rendered":"<p>Laat ons het mooie Maison Boulvern met u delen Maison Boulvern is een mix tussen vrijheid, authenticiteit en moderniteit. Je kan hier terug naar de natuur en de bewaarde Bretonse cultuur ervaren. U wordt verwelkomt door uw gastvrouw Josje. Een jonge vrouw die samen met haar man en tweeling uw verblijf compleet maken.&nbsp; Ons ruime &hellip; <a href=\"https:\/\/www.maisonboulvern.com\/index.php\/nl\/over\/\" class=\"more-link\">Continue reading<span class=\"screen-reader-text\"> \u00ab\u00a0Over Maison Boulvern\u00a0\u00bb<\/span><\/a><\/p>\n","protected":false},"author":1,"featured_media":432,"parent":0,"menu_order":0,"comment_status":"closed","ping_status":"closed","template":"","meta":{"footnotes":""},"class_list":["post-770","page","type-page","status-publish","has-post-thumbnail","hentry"],"yoast_head":"<!-- This site is optimized with the Yoast SEO plugin v27.5 - https:\/\/yoast.com\/product\/yoast-seo-wordpress\/ -->\n<title>Over Maison Boulvern - Maison Boulvern<\/title>\n<meta name=\"robots\" content=\"index, follow, max-snippet:-1, max-image-preview:large, max-video-preview:-1\" \/>\n<link rel=\"canonical\" href=\"https:\/\/www.maisonboulvern.com\/index.php\/nl\/over\/\" \/>\n<meta property=\"og:locale\" content=\"fr_FR\" \/>\n<meta property=\"og:type\" content=\"article\" \/>\n<meta property=\"og:title\" content=\"Over Maison Boulvern - Maison Boulvern\" \/>\n<meta property=\"og:description\" content=\"Laat ons het mooie Maison Boulvern met u delen Maison Boulvern is een mix tussen vrijheid, authenticiteit en moderniteit. Je kan hier terug naar de natuur en de bewaarde Bretonse cultuur ervaren. U wordt verwelkomt door uw gastvrouw Josje. Een jonge vrouw die samen met haar man en tweeling uw verblijf compleet maken.&nbsp; Ons ruime &hellip; Continue reading &quot;Over Maison Boulvern&quot;\" \/>\n<meta property=\"og:url\" content=\"https:\/\/www.maisonboulvern.com\/index.php\/nl\/over\/\" \/>\n<meta property=\"og:site_name\" content=\"Maison Boulvern\" \/>\n<meta property=\"article:modified_time\" content=\"2022-01-07T09:06:41+00:00\" \/>\n<meta property=\"og:image\" content=\"https:\/\/www.maisonboulvern.com\/wp-content\/uploads\/2018\/07\/Fronthouse2_2000x1065.jpg\" \/>\n\t<meta property=\"og:image:width\" content=\"2000\" \/>\n\t<meta property=\"og:image:height\" content=\"1065\" \/>\n\t<meta property=\"og:image:type\" content=\"image\/jpeg\" \/>\n<meta name=\"twitter:card\" content=\"summary_large_image\" \/>\n<meta name=\"twitter:label1\" content=\"Dur\u00e9e de lecture estim\u00e9e\" \/>\n\t<meta name=\"twitter:data1\" content=\"2 minutes\" \/>\n<script type=\"application\/ld+json\" class=\"yoast-schema-graph\">{\"@context\":\"https:\\\/\\\/schema.org\",\"@graph\":[{\"@type\":\"WebPage\",\"@id\":\"https:\\\/\\\/www.maisonboulvern.com\\\/index.php\\\/nl\\\/over\\\/\",\"url\":\"https:\\\/\\\/www.maisonboulvern.com\\\/index.php\\\/nl\\\/over\\\/\",\"name\":\"Over Maison Boulvern - Maison Boulvern\",\"isPartOf\":{\"@id\":\"https:\\\/\\\/www.maisonboulvern.com\\\/#website\"},\"primaryImageOfPage\":{\"@id\":\"https:\\\/\\\/www.maisonboulvern.com\\\/index.php\\\/nl\\\/over\\\/#primaryimage\"},\"image\":{\"@id\":\"https:\\\/\\\/www.maisonboulvern.com\\\/index.php\\\/nl\\\/over\\\/#primaryimage\"},\"thumbnailUrl\":\"https:\\\/\\\/www.maisonboulvern.com\\\/wp-content\\\/uploads\\\/2018\\\/07\\\/Fronthouse2_2000x1065.jpg\",\"datePublished\":\"2019-05-09T12:02:03+00:00\",\"dateModified\":\"2022-01-07T09:06:41+00:00\",\"breadcrumb\":{\"@id\":\"https:\\\/\\\/www.maisonboulvern.com\\\/index.php\\\/nl\\\/over\\\/#breadcrumb\"},\"inLanguage\":\"fr-FR\",\"potentialAction\":[{\"@type\":\"ReadAction\",\"target\":[\"https:\\\/\\\/www.maisonboulvern.com\\\/index.php\\\/nl\\\/over\\\/\"]}]},{\"@type\":\"ImageObject\",\"inLanguage\":\"fr-FR\",\"@id\":\"https:\\\/\\\/www.maisonboulvern.com\\\/index.php\\\/nl\\\/over\\\/#primaryimage\",\"url\":\"https:\\\/\\\/www.maisonboulvern.com\\\/wp-content\\\/uploads\\\/2018\\\/07\\\/Fronthouse2_2000x1065.jpg\",\"contentUrl\":\"https:\\\/\\\/www.maisonboulvern.com\\\/wp-content\\\/uploads\\\/2018\\\/07\\\/Fronthouse2_2000x1065.jpg\",\"width\":2000,\"height\":1065},{\"@type\":\"BreadcrumbList\",\"@id\":\"https:\\\/\\\/www.maisonboulvern.com\\\/index.php\\\/nl\\\/over\\\/#breadcrumb\",\"itemListElement\":[{\"@type\":\"ListItem\",\"position\":1,\"name\":\"Accueil\",\"item\":\"https:\\\/\\\/www.maisonboulvern.com\\\/index.php\\\/fr\\\/\"},{\"@type\":\"ListItem\",\"position\":2,\"name\":\"Over Maison Boulvern\"}]},{\"@type\":\"WebSite\",\"@id\":\"https:\\\/\\\/www.maisonboulvern.com\\\/#website\",\"url\":\"https:\\\/\\\/www.maisonboulvern.com\\\/\",\"name\":\"Maison Boulvern\",\"description\":\"Chambres d&#039;h\u00f4tes de charme au c\u0153ur du Finist\u00e8re\",\"publisher\":{\"@id\":\"https:\\\/\\\/www.maisonboulvern.com\\\/#organization\"},\"potentialAction\":[{\"@type\":\"SearchAction\",\"target\":{\"@type\":\"EntryPoint\",\"urlTemplate\":\"https:\\\/\\\/www.maisonboulvern.com\\\/?s={search_term_string}\"},\"query-input\":{\"@type\":\"PropertyValueSpecification\",\"valueRequired\":true,\"valueName\":\"search_term_string\"}}],\"inLanguage\":\"fr-FR\"},{\"@type\":\"Organization\",\"@id\":\"https:\\\/\\\/www.maisonboulvern.com\\\/#organization\",\"name\":\"Maison Boulvern\",\"url\":\"https:\\\/\\\/www.maisonboulvern.com\\\/\",\"logo\":{\"@type\":\"ImageObject\",\"inLanguage\":\"fr-FR\",\"@id\":\"https:\\\/\\\/www.maisonboulvern.com\\\/#\\\/schema\\\/logo\\\/image\\\/\",\"url\":\"https:\\\/\\\/www.maisonboulvern.com\\\/wp-content\\\/uploads\\\/2020\\\/06\\\/Icone_512x512.jpg\",\"contentUrl\":\"https:\\\/\\\/www.maisonboulvern.com\\\/wp-content\\\/uploads\\\/2020\\\/06\\\/Icone_512x512.jpg\",\"width\":2135,\"height\":2135,\"caption\":\"Maison Boulvern\"},\"image\":{\"@id\":\"https:\\\/\\\/www.maisonboulvern.com\\\/#\\\/schema\\\/logo\\\/image\\\/\"}}]}<\/script>\n<!-- \/ Yoast SEO plugin. -->","yoast_head_json":{"title":"Over Maison Boulvern - Maison Boulvern","robots":{"index":"index","follow":"follow","max-snippet":"max-snippet:-1","max-image-preview":"max-image-preview:large","max-video-preview":"max-video-preview:-1"},"canonical":"https:\/\/www.maisonboulvern.com\/index.php\/nl\/over\/","og_locale":"fr_FR","og_type":"article","og_title":"Over Maison Boulvern - Maison Boulvern","og_description":"Laat ons het mooie Maison Boulvern met u delen Maison Boulvern is een mix tussen vrijheid, authenticiteit en moderniteit. Je kan hier terug naar de natuur en de bewaarde Bretonse cultuur ervaren. U wordt verwelkomt door uw gastvrouw Josje. Een jonge vrouw die samen met haar man en tweeling uw verblijf compleet maken.&nbsp; Ons ruime &hellip; Continue reading \"Over Maison Boulvern\"","og_url":"https:\/\/www.maisonboulvern.com\/index.php\/nl\/over\/","og_site_name":"Maison Boulvern","article_modified_time":"2022-01-07T09:06:41+00:00","og_image":[{"width":2000,"height":1065,"url":"https:\/\/www.maisonboulvern.com\/wp-content\/uploads\/2018\/07\/Fronthouse2_2000x1065.jpg","type":"image\/jpeg"}],"twitter_card":"summary_large_image","twitter_misc":{"Dur\u00e9e de lecture estim\u00e9e":"2 minutes"},"schema":{"@context":"https:\/\/schema.org","@graph":[{"@type":"WebPage","@id":"https:\/\/www.maisonboulvern.com\/index.php\/nl\/over\/","url":"https:\/\/www.maisonboulvern.com\/index.php\/nl\/over\/","name":"Over Maison Boulvern - Maison Boulvern","isPartOf":{"@id":"https:\/\/www.maisonboulvern.com\/#website"},"primaryImageOfPage":{"@id":"https:\/\/www.maisonboulvern.com\/index.php\/nl\/over\/#primaryimage"},"image":{"@id":"https:\/\/www.maisonboulvern.com\/index.php\/nl\/over\/#primaryimage"},"thumbnailUrl":"https:\/\/www.maisonboulvern.com\/wp-content\/uploads\/2018\/07\/Fronthouse2_2000x1065.jpg","datePublished":"2019-05-09T12:02:03+00:00","dateModified":"2022-01-07T09:06:41+00:00","breadcrumb":{"@id":"https:\/\/www.maisonboulvern.com\/index.php\/nl\/over\/#breadcrumb"},"inLanguage":"fr-FR","potentialAction":[{"@type":"ReadAction","target":["https:\/\/www.maisonboulvern.com\/index.php\/nl\/over\/"]}]},{"@type":"ImageObject","inLanguage":"fr-FR","@id":"https:\/\/www.maisonboulvern.com\/index.php\/nl\/over\/#primaryimage","url":"https:\/\/www.maisonboulvern.com\/wp-content\/uploads\/2018\/07\/Fronthouse2_2000x1065.jpg","contentUrl":"https:\/\/www.maisonboulvern.com\/wp-content\/uploads\/2018\/07\/Fronthouse2_2000x1065.jpg","width":2000,"height":1065},{"@type":"BreadcrumbList","@id":"https:\/\/www.maisonboulvern.com\/index.php\/nl\/over\/#breadcrumb","itemListElement":[{"@type":"ListItem","position":1,"name":"Accueil","item":"https:\/\/www.maisonboulvern.com\/index.php\/fr\/"},{"@type":"ListItem","position":2,"name":"Over Maison Boulvern"}]},{"@type":"WebSite","@id":"https:\/\/www.maisonboulvern.com\/#website","url":"https:\/\/www.maisonboulvern.com\/","name":"Maison Boulvern","description":"Chambres d&#039;h\u00f4tes de charme au c\u0153ur du Finist\u00e8re","publisher":{"@id":"https:\/\/www.maisonboulvern.com\/#organization"},"potentialAction":[{"@type":"SearchAction","target":{"@type":"EntryPoint","urlTemplate":"https:\/\/www.maisonboulvern.com\/?s={search_term_string}"},"query-input":{"@type":"PropertyValueSpecification","valueRequired":true,"valueName":"search_term_string"}}],"inLanguage":"fr-FR"},{"@type":"Organization","@id":"https:\/\/www.maisonboulvern.com\/#organization","name":"Maison Boulvern","url":"https:\/\/www.maisonboulvern.com\/","logo":{"@type":"ImageObject","inLanguage":"fr-FR","@id":"https:\/\/www.maisonboulvern.com\/#\/schema\/logo\/image\/","url":"https:\/\/www.maisonboulvern.com\/wp-content\/uploads\/2020\/06\/Icone_512x512.jpg","contentUrl":"https:\/\/www.maisonboulvern.com\/wp-content\/uploads\/2020\/06\/Icone_512x512.jpg","width":2135,"height":2135,"caption":"Maison Boulvern"},"image":{"@id":"https:\/\/www.maisonboulvern.com\/#\/schema\/logo\/image\/"}}]}},"_links":{"self":[{"href":"https:\/\/www.maisonboulvern.com\/index.php\/wp-json\/wp\/v2\/pages\/770","targetHints":{"allow":["GET"]}}],"collection":[{"href":"https:\/\/www.maisonboulvern.com\/index.php\/wp-json\/wp\/v2\/pages"}],"about":[{"href":"https:\/\/www.maisonboulvern.com\/index.php\/wp-json\/wp\/v2\/types\/page"}],"author":[{"embeddable":true,"href":"https:\/\/www.maisonboulvern.com\/index.php\/wp-json\/wp\/v2\/users\/1"}],"replies":[{"embeddable":true,"href":"https:\/\/www.maisonboulvern.com\/index.php\/wp-json\/wp\/v2\/comments?post=770"}],"version-history":[{"count":4,"href":"https:\/\/www.maisonboulvern.com\/index.php\/wp-json\/wp\/v2\/pages\/770\/revisions"}],"predecessor-version":[{"id":2241,"href":"https:\/\/www.maisonboulvern.com\/index.php\/wp-json\/wp\/v2\/pages\/770\/revisions\/2241"}],"wp:featuredmedia":[{"embeddable":true,"href":"https:\/\/www.maisonboulvern.com\/index.php\/wp-json\/wp\/v2\/media\/432"}],"wp:attachment":[{"href":"https:\/\/www.maisonboulvern.com\/index.php\/wp-json\/wp\/v2\/media?parent=770"}],"curies":[{"name":"wp","href":"https:\/\/api.w.org\/{rel}","templated":true}]}}