{"id":787,"date":"2019-05-09T14:18:10","date_gmt":"2019-05-09T12:18:10","guid":{"rendered":"http:\/\/maisonboulvern.com\/?page_id=787"},"modified":"2026-01-19T13:34:34","modified_gmt":"2026-01-19T12:34:34","slug":"eten-en-drinken","status":"publish","type":"page","link":"https:\/\/www.maisonboulvern.com\/index.php\/nl\/welkom-bij-maison-boulvern\/activiteiten\/eten-en-drinken\/","title":{"rendered":"Eten en drinken"},"content":{"rendered":"\n<p>Natuurlijk kunnen wij u altijd de locatie geven waar u de beste cr\u00eapes kunt eten, maar u zult versteld staan van de gastronomische mogelijkheden rondom Maison Boulvern. In het laagseizoen kunt u &lsquo;thuis&rsquo; dineren op de zondag of maandag avond (alleen op aanvraag).<\/p>\n\n\n\n<ul class=\"wp-block-list\">\n<li><strong>L\u2019auberge des Glazicks, Plomodiern | 10 mins<\/strong><\/li>\n<\/ul>\n\n\n\n<p>Voor een verfijnd palet en een keuken van hoog niveau, maar tegen een acceptabele prijs kunt u lunchen of dineren in L\u2019auberge des Glazicks. In 2010 heeft Olivier Bellin zijn tweede ster in de Michelin gids gekregen. Tot op de dag van vandaag is het eten nog steeds zo goed. Reserveer direct op&nbsp;<a href=\"https:\/\/www.aubergedesglazick.com\/fr\/\">https:\/\/www.aubergedesglazick.com\/fr\/<\/a>.<\/p>\n\n\n\n<ul class=\"wp-block-list\">\n<li><strong>L\u2019Oasis | 15 mins<\/strong><\/li>\n<\/ul>\n\n\n\n<p>Gelegen aan het water is dit een hele fijne plek om tijdens een heerlijk diner en een goed glas wijn te genieten van de zonsondergang. Neem vooraf een van de lekkere cocktail. Zij hebben een fijne en betaalbare kaart. L\u2019Oasis is het hele jaar open.<\/p>\n\n\n\n<ul class=\"wp-block-list\">\n<li><strong>Cr\u00eaperie Ty Coz, Locronan | 10 mins<\/strong><\/li>\n<\/ul>\n\n\n\n<p>Een Bretonse instelling, geopend sinds 1952 in het hart van het middeleeuwse stadje Locronan. Gelegen aan het centrale plein, tegenover de kerk, biedt deze cr\u00eaperie, gerund door een familie, galettes met traditionele smaken en originele variaties. Omdat ze geen reserveringen aannemen, is het raadzaam om vroeg te komen of rekening te houden met wachttijden. https:\/\/www.creperietycoz.fr<\/p>\n\n\n\n<ul class=\"wp-block-list\">\n<li><strong>Les 3 F\u00e9es, Locronan | 10 min<\/strong><br>Een charmante, traditionele cr\u00eaperie gerund door fee\u00ebn. Heerlijke huisgemaakte cr\u00eapes met originele recepten in een pittoreske omgeving. Biologisch gecertificeerde boekweit- en tarwebloem. Bezoek de Facebookpagina van Les 3 F\u00e9es<\/li>\n<\/ul>\n\n\n\n<ul class=\"wp-block-list\">\n<li><strong>Restaurant Le C\u00e9note, Plomodiern | 10 min<\/strong><br>Een klein juweeltje (in de ware zin van het woord) met een kleine maar heerlijke menukaart.<\/li>\n\n\n\n<li><strong>Restaurant Au Coin du Feu, Locronan | 10 min<\/strong><br>Een restaurant met een zeer warme bediening en een eenvoudig, authentiek menu. Voor heerlijke gerechten\u2026 bezoek de website van het toeristenbureau.<\/li>\n\n\n\n<li><strong>Restaurant Le Prieur\u00e9, Locronan | 10 min<\/strong><br>Aan de hoofdstraat van het middeleeuwse dorp Locronan is restaurant Le Prieur\u00e9 een heerlijke plek voor liefhebbers van lokale producten in een eigentijdse en ontspannen sfeer. Bezoek de website van restaurant Le Prieur\u00e9.<\/li>\n\n\n\n<li><strong>Restaurant Ar Maen Hir, Locronan | 10 min<\/strong><br>Ar Maen Hir, gelegen in het mooie dorp Locronan, is een klein juweeltje tussen land en zee. De keuken is verfijnd zonder pretentieus te zijn. Reserveer een tafel in de eetzaal beneden om te genieten van de nautische ambiance. Bezoek de Facebookpagina van Ar Maen Hir.<\/li>\n\n\n\n<li><strong>Restaurant Au Petit Bonheur, Chateaulin | 15 min<\/strong><br>Au Petit Bonheur is een klein, door een familie gerund restaurant in Chateaulin. Ze serveren Franse gerechten bereid met verse, lokale ingredi\u00ebnten. U kunt het menu en reserveringen vinden op hun website: https:\/\/restaurantaupetitbonheur.fr\/<\/li>\n<\/ul>\n\n\n\n<p><\/p>\n\n\n\n<p><\/p>\n","protected":false},"excerpt":{"rendered":"<p>Natuurlijk kunnen wij u altijd de locatie geven waar u de beste cr\u00eapes kunt eten, maar u zult versteld staan van de gastronomische mogelijkheden rondom Maison Boulvern. In het laagseizoen kunt u &lsquo;thuis&rsquo; dineren op de zondag of maandag avond (alleen op aanvraag). Voor een verfijnd palet en een keuken van hoog niveau, maar tegen &hellip; <a href=\"https:\/\/www.maisonboulvern.com\/index.php\/nl\/welkom-bij-maison-boulvern\/activiteiten\/eten-en-drinken\/\" class=\"more-link\">Continue reading<span class=\"screen-reader-text\"> \u00ab\u00a0Eten en drinken\u00a0\u00bb<\/span><\/a><\/p>\n","protected":false},"author":1,"featured_media":558,"parent":784,"menu_order":5,"comment_status":"closed","ping_status":"closed","template":"","meta":{"footnotes":""},"class_list":["post-787","page","type-page","status-publish","has-post-thumbnail","hentry"],"yoast_head":"<!-- This site is optimized with the Yoast SEO plugin v27.5 - https:\/\/yoast.com\/product\/yoast-seo-wordpress\/ -->\n<title>Eten en drinken - Maison Boulvern<\/title>\n<meta name=\"robots\" content=\"index, follow, max-snippet:-1, max-image-preview:large, max-video-preview:-1\" \/>\n<link rel=\"canonical\" href=\"https:\/\/www.maisonboulvern.com\/index.php\/nl\/welkom-bij-maison-boulvern\/activiteiten\/eten-en-drinken\/\" \/>\n<meta property=\"og:locale\" content=\"fr_FR\" \/>\n<meta property=\"og:type\" content=\"article\" \/>\n<meta property=\"og:title\" content=\"Eten en drinken - Maison Boulvern\" \/>\n<meta property=\"og:description\" content=\"Natuurlijk kunnen wij u altijd de locatie geven waar u de beste cr\u00eapes kunt eten, maar u zult versteld staan van de gastronomische mogelijkheden rondom Maison Boulvern. In het laagseizoen kunt u &lsquo;thuis&rsquo; dineren op de zondag of maandag avond (alleen op aanvraag). Voor een verfijnd palet en een keuken van hoog niveau, maar tegen &hellip; Continue reading &quot;Eten en drinken&quot;\" \/>\n<meta property=\"og:url\" content=\"https:\/\/www.maisonboulvern.com\/index.php\/nl\/welkom-bij-maison-boulvern\/activiteiten\/eten-en-drinken\/\" \/>\n<meta property=\"og:site_name\" content=\"Maison Boulvern\" \/>\n<meta property=\"article:modified_time\" content=\"2026-01-19T12:34:34+00:00\" \/>\n<meta property=\"og:image\" content=\"https:\/\/www.maisonboulvern.com\/wp-content\/uploads\/2018\/08\/Culinaire_2000x1065.jpg\" \/>\n\t<meta property=\"og:image:width\" content=\"2000\" \/>\n\t<meta property=\"og:image:height\" content=\"1065\" \/>\n\t<meta property=\"og:image:type\" content=\"image\/jpeg\" \/>\n<meta name=\"twitter:card\" content=\"summary_large_image\" \/>\n<meta name=\"twitter:label1\" content=\"Dur\u00e9e de lecture estim\u00e9e\" \/>\n\t<meta name=\"twitter:data1\" content=\"3 minutes\" \/>\n<script type=\"application\/ld+json\" class=\"yoast-schema-graph\">{\"@context\":\"https:\\\/\\\/schema.org\",\"@graph\":[{\"@type\":\"WebPage\",\"@id\":\"https:\\\/\\\/www.maisonboulvern.com\\\/index.php\\\/nl\\\/welkom-bij-maison-boulvern\\\/activiteiten\\\/eten-en-drinken\\\/\",\"url\":\"https:\\\/\\\/www.maisonboulvern.com\\\/index.php\\\/nl\\\/welkom-bij-maison-boulvern\\\/activiteiten\\\/eten-en-drinken\\\/\",\"name\":\"Eten en drinken - Maison Boulvern\",\"isPartOf\":{\"@id\":\"https:\\\/\\\/www.maisonboulvern.com\\\/#website\"},\"primaryImageOfPage\":{\"@id\":\"https:\\\/\\\/www.maisonboulvern.com\\\/index.php\\\/nl\\\/welkom-bij-maison-boulvern\\\/activiteiten\\\/eten-en-drinken\\\/#primaryimage\"},\"image\":{\"@id\":\"https:\\\/\\\/www.maisonboulvern.com\\\/index.php\\\/nl\\\/welkom-bij-maison-boulvern\\\/activiteiten\\\/eten-en-drinken\\\/#primaryimage\"},\"thumbnailUrl\":\"https:\\\/\\\/www.maisonboulvern.com\\\/wp-content\\\/uploads\\\/2018\\\/08\\\/Culinaire_2000x1065.jpg\",\"datePublished\":\"2019-05-09T12:18:10+00:00\",\"dateModified\":\"2026-01-19T12:34:34+00:00\",\"breadcrumb\":{\"@id\":\"https:\\\/\\\/www.maisonboulvern.com\\\/index.php\\\/nl\\\/welkom-bij-maison-boulvern\\\/activiteiten\\\/eten-en-drinken\\\/#breadcrumb\"},\"inLanguage\":\"fr-FR\",\"potentialAction\":[{\"@type\":\"ReadAction\",\"target\":[\"https:\\\/\\\/www.maisonboulvern.com\\\/index.php\\\/nl\\\/welkom-bij-maison-boulvern\\\/activiteiten\\\/eten-en-drinken\\\/\"]}]},{\"@type\":\"ImageObject\",\"inLanguage\":\"fr-FR\",\"@id\":\"https:\\\/\\\/www.maisonboulvern.com\\\/index.php\\\/nl\\\/welkom-bij-maison-boulvern\\\/activiteiten\\\/eten-en-drinken\\\/#primaryimage\",\"url\":\"https:\\\/\\\/www.maisonboulvern.com\\\/wp-content\\\/uploads\\\/2018\\\/08\\\/Culinaire_2000x1065.jpg\",\"contentUrl\":\"https:\\\/\\\/www.maisonboulvern.com\\\/wp-content\\\/uploads\\\/2018\\\/08\\\/Culinaire_2000x1065.jpg\",\"width\":2000,\"height\":1065},{\"@type\":\"BreadcrumbList\",\"@id\":\"https:\\\/\\\/www.maisonboulvern.com\\\/index.php\\\/nl\\\/welkom-bij-maison-boulvern\\\/activiteiten\\\/eten-en-drinken\\\/#breadcrumb\",\"itemListElement\":[{\"@type\":\"ListItem\",\"position\":1,\"name\":\"Accueil\",\"item\":\"https:\\\/\\\/www.maisonboulvern.com\\\/index.php\\\/fr\\\/\"},{\"@type\":\"ListItem\",\"position\":2,\"name\":\"Welkom bij Maison Boulvern\",\"item\":\"https:\\\/\\\/www.maisonboulvern.com\\\/index.php\\\/nl\\\/\"},{\"@type\":\"ListItem\",\"position\":3,\"name\":\"Activiteiten\",\"item\":\"https:\\\/\\\/www.maisonboulvern.com\\\/index.php\\\/nl\\\/welkom-bij-maison-boulvern\\\/activiteiten\\\/\"},{\"@type\":\"ListItem\",\"position\":4,\"name\":\"Eten en drinken\"}]},{\"@type\":\"WebSite\",\"@id\":\"https:\\\/\\\/www.maisonboulvern.com\\\/#website\",\"url\":\"https:\\\/\\\/www.maisonboulvern.com\\\/\",\"name\":\"Maison Boulvern\",\"description\":\"Chambres d&#039;h\u00f4tes de charme au c\u0153ur du Finist\u00e8re\",\"publisher\":{\"@id\":\"https:\\\/\\\/www.maisonboulvern.com\\\/#organization\"},\"potentialAction\":[{\"@type\":\"SearchAction\",\"target\":{\"@type\":\"EntryPoint\",\"urlTemplate\":\"https:\\\/\\\/www.maisonboulvern.com\\\/?s={search_term_string}\"},\"query-input\":{\"@type\":\"PropertyValueSpecification\",\"valueRequired\":true,\"valueName\":\"search_term_string\"}}],\"inLanguage\":\"fr-FR\"},{\"@type\":\"Organization\",\"@id\":\"https:\\\/\\\/www.maisonboulvern.com\\\/#organization\",\"name\":\"Maison Boulvern\",\"url\":\"https:\\\/\\\/www.maisonboulvern.com\\\/\",\"logo\":{\"@type\":\"ImageObject\",\"inLanguage\":\"fr-FR\",\"@id\":\"https:\\\/\\\/www.maisonboulvern.com\\\/#\\\/schema\\\/logo\\\/image\\\/\",\"url\":\"https:\\\/\\\/www.maisonboulvern.com\\\/wp-content\\\/uploads\\\/2020\\\/06\\\/Icone_512x512.jpg\",\"contentUrl\":\"https:\\\/\\\/www.maisonboulvern.com\\\/wp-content\\\/uploads\\\/2020\\\/06\\\/Icone_512x512.jpg\",\"width\":2135,\"height\":2135,\"caption\":\"Maison Boulvern\"},\"image\":{\"@id\":\"https:\\\/\\\/www.maisonboulvern.com\\\/#\\\/schema\\\/logo\\\/image\\\/\"}}]}<\/script>\n<!-- \/ Yoast SEO plugin. -->","yoast_head_json":{"title":"Eten en drinken - Maison Boulvern","robots":{"index":"index","follow":"follow","max-snippet":"max-snippet:-1","max-image-preview":"max-image-preview:large","max-video-preview":"max-video-preview:-1"},"canonical":"https:\/\/www.maisonboulvern.com\/index.php\/nl\/welkom-bij-maison-boulvern\/activiteiten\/eten-en-drinken\/","og_locale":"fr_FR","og_type":"article","og_title":"Eten en drinken - Maison Boulvern","og_description":"Natuurlijk kunnen wij u altijd de locatie geven waar u de beste cr\u00eapes kunt eten, maar u zult versteld staan van de gastronomische mogelijkheden rondom Maison Boulvern. In het laagseizoen kunt u &lsquo;thuis&rsquo; dineren op de zondag of maandag avond (alleen op aanvraag). Voor een verfijnd palet en een keuken van hoog niveau, maar tegen &hellip; Continue reading \"Eten en drinken\"","og_url":"https:\/\/www.maisonboulvern.com\/index.php\/nl\/welkom-bij-maison-boulvern\/activiteiten\/eten-en-drinken\/","og_site_name":"Maison Boulvern","article_modified_time":"2026-01-19T12:34:34+00:00","og_image":[{"width":2000,"height":1065,"url":"https:\/\/www.maisonboulvern.com\/wp-content\/uploads\/2018\/08\/Culinaire_2000x1065.jpg","type":"image\/jpeg"}],"twitter_card":"summary_large_image","twitter_misc":{"Dur\u00e9e de lecture estim\u00e9e":"3 minutes"},"schema":{"@context":"https:\/\/schema.org","@graph":[{"@type":"WebPage","@id":"https:\/\/www.maisonboulvern.com\/index.php\/nl\/welkom-bij-maison-boulvern\/activiteiten\/eten-en-drinken\/","url":"https:\/\/www.maisonboulvern.com\/index.php\/nl\/welkom-bij-maison-boulvern\/activiteiten\/eten-en-drinken\/","name":"Eten en drinken - Maison Boulvern","isPartOf":{"@id":"https:\/\/www.maisonboulvern.com\/#website"},"primaryImageOfPage":{"@id":"https:\/\/www.maisonboulvern.com\/index.php\/nl\/welkom-bij-maison-boulvern\/activiteiten\/eten-en-drinken\/#primaryimage"},"image":{"@id":"https:\/\/www.maisonboulvern.com\/index.php\/nl\/welkom-bij-maison-boulvern\/activiteiten\/eten-en-drinken\/#primaryimage"},"thumbnailUrl":"https:\/\/www.maisonboulvern.com\/wp-content\/uploads\/2018\/08\/Culinaire_2000x1065.jpg","datePublished":"2019-05-09T12:18:10+00:00","dateModified":"2026-01-19T12:34:34+00:00","breadcrumb":{"@id":"https:\/\/www.maisonboulvern.com\/index.php\/nl\/welkom-bij-maison-boulvern\/activiteiten\/eten-en-drinken\/#breadcrumb"},"inLanguage":"fr-FR","potentialAction":[{"@type":"ReadAction","target":["https:\/\/www.maisonboulvern.com\/index.php\/nl\/welkom-bij-maison-boulvern\/activiteiten\/eten-en-drinken\/"]}]},{"@type":"ImageObject","inLanguage":"fr-FR","@id":"https:\/\/www.maisonboulvern.com\/index.php\/nl\/welkom-bij-maison-boulvern\/activiteiten\/eten-en-drinken\/#primaryimage","url":"https:\/\/www.maisonboulvern.com\/wp-content\/uploads\/2018\/08\/Culinaire_2000x1065.jpg","contentUrl":"https:\/\/www.maisonboulvern.com\/wp-content\/uploads\/2018\/08\/Culinaire_2000x1065.jpg","width":2000,"height":1065},{"@type":"BreadcrumbList","@id":"https:\/\/www.maisonboulvern.com\/index.php\/nl\/welkom-bij-maison-boulvern\/activiteiten\/eten-en-drinken\/#breadcrumb","itemListElement":[{"@type":"ListItem","position":1,"name":"Accueil","item":"https:\/\/www.maisonboulvern.com\/index.php\/fr\/"},{"@type":"ListItem","position":2,"name":"Welkom bij Maison Boulvern","item":"https:\/\/www.maisonboulvern.com\/index.php\/nl\/"},{"@type":"ListItem","position":3,"name":"Activiteiten","item":"https:\/\/www.maisonboulvern.com\/index.php\/nl\/welkom-bij-maison-boulvern\/activiteiten\/"},{"@type":"ListItem","position":4,"name":"Eten en drinken"}]},{"@type":"WebSite","@id":"https:\/\/www.maisonboulvern.com\/#website","url":"https:\/\/www.maisonboulvern.com\/","name":"Maison Boulvern","description":"Chambres d&#039;h\u00f4tes de charme au c\u0153ur du Finist\u00e8re","publisher":{"@id":"https:\/\/www.maisonboulvern.com\/#organization"},"potentialAction":[{"@type":"SearchAction","target":{"@type":"EntryPoint","urlTemplate":"https:\/\/www.maisonboulvern.com\/?s={search_term_string}"},"query-input":{"@type":"PropertyValueSpecification","valueRequired":true,"valueName":"search_term_string"}}],"inLanguage":"fr-FR"},{"@type":"Organization","@id":"https:\/\/www.maisonboulvern.com\/#organization","name":"Maison Boulvern","url":"https:\/\/www.maisonboulvern.com\/","logo":{"@type":"ImageObject","inLanguage":"fr-FR","@id":"https:\/\/www.maisonboulvern.com\/#\/schema\/logo\/image\/","url":"https:\/\/www.maisonboulvern.com\/wp-content\/uploads\/2020\/06\/Icone_512x512.jpg","contentUrl":"https:\/\/www.maisonboulvern.com\/wp-content\/uploads\/2020\/06\/Icone_512x512.jpg","width":2135,"height":2135,"caption":"Maison Boulvern"},"image":{"@id":"https:\/\/www.maisonboulvern.com\/#\/schema\/logo\/image\/"}}]}},"_links":{"self":[{"href":"https:\/\/www.maisonboulvern.com\/index.php\/wp-json\/wp\/v2\/pages\/787","targetHints":{"allow":["GET"]}}],"collection":[{"href":"https:\/\/www.maisonboulvern.com\/index.php\/wp-json\/wp\/v2\/pages"}],"about":[{"href":"https:\/\/www.maisonboulvern.com\/index.php\/wp-json\/wp\/v2\/types\/page"}],"author":[{"embeddable":true,"href":"https:\/\/www.maisonboulvern.com\/index.php\/wp-json\/wp\/v2\/users\/1"}],"replies":[{"embeddable":true,"href":"https:\/\/www.maisonboulvern.com\/index.php\/wp-json\/wp\/v2\/comments?post=787"}],"version-history":[{"count":4,"href":"https:\/\/www.maisonboulvern.com\/index.php\/wp-json\/wp\/v2\/pages\/787\/revisions"}],"predecessor-version":[{"id":7175,"href":"https:\/\/www.maisonboulvern.com\/index.php\/wp-json\/wp\/v2\/pages\/787\/revisions\/7175"}],"up":[{"embeddable":true,"href":"https:\/\/www.maisonboulvern.com\/index.php\/wp-json\/wp\/v2\/pages\/784"}],"wp:featuredmedia":[{"embeddable":true,"href":"https:\/\/www.maisonboulvern.com\/index.php\/wp-json\/wp\/v2\/media\/558"}],"wp:attachment":[{"href":"https:\/\/www.maisonboulvern.com\/index.php\/wp-json\/wp\/v2\/media?parent=787"}],"curies":[{"name":"wp","href":"https:\/\/api.w.org\/{rel}","templated":true}]}}