{"id":790,"date":"2019-05-09T14:19:54","date_gmt":"2019-05-09T12:19:54","guid":{"rendered":"http:\/\/maisonboulvern.com\/?page_id=790"},"modified":"2019-05-09T14:39:55","modified_gmt":"2019-05-09T12:39:55","slug":"festivals-en-evenementen","status":"publish","type":"page","link":"https:\/\/www.maisonboulvern.com\/index.php\/nl\/welkom-bij-maison-boulvern\/activiteiten\/festivals-en-evenementen\/","title":{"rendered":"Festivals en evenementen"},"content":{"rendered":"\n<p>Gedurende het hele jaar worden er verschillende Bretonse evenementen georganiseerd. <\/p>\n\n\n\n<p>Houd onze Facebook pagina in de gaten, maar natuurlijk kunnen wij u tijdens uw verblijf ook vertellen welke evenementen er plaatsvinden.&nbsp;<\/p>\n","protected":false},"excerpt":{"rendered":"<p>Gedurende het hele jaar worden er verschillende Bretonse evenementen georganiseerd. Houd onze Facebook pagina in de gaten, maar natuurlijk kunnen wij u tijdens uw verblijf ook vertellen welke evenementen er plaatsvinden.&nbsp;<\/p>\n","protected":false},"author":1,"featured_media":503,"parent":784,"menu_order":4,"comment_status":"closed","ping_status":"closed","template":"","meta":{"footnotes":""},"class_list":["post-790","page","type-page","status-publish","has-post-thumbnail","hentry"],"yoast_head":"<!-- This site is optimized with the Yoast SEO plugin v27.5 - https:\/\/yoast.com\/product\/yoast-seo-wordpress\/ -->\n<title>Festivals en evenementen - Maison Boulvern<\/title>\n<meta name=\"robots\" content=\"index, follow, max-snippet:-1, max-image-preview:large, max-video-preview:-1\" \/>\n<link rel=\"canonical\" href=\"https:\/\/www.maisonboulvern.com\/index.php\/nl\/welkom-bij-maison-boulvern\/activiteiten\/festivals-en-evenementen\/\" \/>\n<meta property=\"og:locale\" content=\"fr_FR\" \/>\n<meta property=\"og:type\" content=\"article\" \/>\n<meta property=\"og:title\" content=\"Festivals en evenementen - Maison Boulvern\" \/>\n<meta property=\"og:description\" content=\"Gedurende het hele jaar worden er verschillende Bretonse evenementen georganiseerd. Houd onze Facebook pagina in de gaten, maar natuurlijk kunnen wij u tijdens uw verblijf ook vertellen welke evenementen er plaatsvinden.&nbsp;\" \/>\n<meta property=\"og:url\" content=\"https:\/\/www.maisonboulvern.com\/index.php\/nl\/welkom-bij-maison-boulvern\/activiteiten\/festivals-en-evenementen\/\" \/>\n<meta property=\"og:site_name\" content=\"Maison Boulvern\" \/>\n<meta property=\"article:modified_time\" content=\"2019-05-09T12:39:55+00:00\" \/>\n<meta property=\"og:image\" content=\"https:\/\/www.maisonboulvern.com\/wp-content\/uploads\/2018\/08\/Pardon-StAnne_2000x1065.jpg\" \/>\n\t<meta property=\"og:image:width\" content=\"2000\" \/>\n\t<meta property=\"og:image:height\" content=\"1065\" \/>\n\t<meta property=\"og:image:type\" content=\"image\/jpeg\" \/>\n<meta name=\"twitter:card\" content=\"summary_large_image\" \/>\n<script type=\"application\/ld+json\" class=\"yoast-schema-graph\">{\"@context\":\"https:\\\/\\\/schema.org\",\"@graph\":[{\"@type\":\"WebPage\",\"@id\":\"https:\\\/\\\/www.maisonboulvern.com\\\/index.php\\\/nl\\\/welkom-bij-maison-boulvern\\\/activiteiten\\\/festivals-en-evenementen\\\/\",\"url\":\"https:\\\/\\\/www.maisonboulvern.com\\\/index.php\\\/nl\\\/welkom-bij-maison-boulvern\\\/activiteiten\\\/festivals-en-evenementen\\\/\",\"name\":\"Festivals en evenementen - Maison Boulvern\",\"isPartOf\":{\"@id\":\"https:\\\/\\\/www.maisonboulvern.com\\\/#website\"},\"primaryImageOfPage\":{\"@id\":\"https:\\\/\\\/www.maisonboulvern.com\\\/index.php\\\/nl\\\/welkom-bij-maison-boulvern\\\/activiteiten\\\/festivals-en-evenementen\\\/#primaryimage\"},\"image\":{\"@id\":\"https:\\\/\\\/www.maisonboulvern.com\\\/index.php\\\/nl\\\/welkom-bij-maison-boulvern\\\/activiteiten\\\/festivals-en-evenementen\\\/#primaryimage\"},\"thumbnailUrl\":\"https:\\\/\\\/www.maisonboulvern.com\\\/wp-content\\\/uploads\\\/2018\\\/08\\\/Pardon-StAnne_2000x1065.jpg\",\"datePublished\":\"2019-05-09T12:19:54+00:00\",\"dateModified\":\"2019-05-09T12:39:55+00:00\",\"breadcrumb\":{\"@id\":\"https:\\\/\\\/www.maisonboulvern.com\\\/index.php\\\/nl\\\/welkom-bij-maison-boulvern\\\/activiteiten\\\/festivals-en-evenementen\\\/#breadcrumb\"},\"inLanguage\":\"fr-FR\",\"potentialAction\":[{\"@type\":\"ReadAction\",\"target\":[\"https:\\\/\\\/www.maisonboulvern.com\\\/index.php\\\/nl\\\/welkom-bij-maison-boulvern\\\/activiteiten\\\/festivals-en-evenementen\\\/\"]}]},{\"@type\":\"ImageObject\",\"inLanguage\":\"fr-FR\",\"@id\":\"https:\\\/\\\/www.maisonboulvern.com\\\/index.php\\\/nl\\\/welkom-bij-maison-boulvern\\\/activiteiten\\\/festivals-en-evenementen\\\/#primaryimage\",\"url\":\"https:\\\/\\\/www.maisonboulvern.com\\\/wp-content\\\/uploads\\\/2018\\\/08\\\/Pardon-StAnne_2000x1065.jpg\",\"contentUrl\":\"https:\\\/\\\/www.maisonboulvern.com\\\/wp-content\\\/uploads\\\/2018\\\/08\\\/Pardon-StAnne_2000x1065.jpg\",\"width\":2000,\"height\":1065},{\"@type\":\"BreadcrumbList\",\"@id\":\"https:\\\/\\\/www.maisonboulvern.com\\\/index.php\\\/nl\\\/welkom-bij-maison-boulvern\\\/activiteiten\\\/festivals-en-evenementen\\\/#breadcrumb\",\"itemListElement\":[{\"@type\":\"ListItem\",\"position\":1,\"name\":\"Accueil\",\"item\":\"https:\\\/\\\/www.maisonboulvern.com\\\/index.php\\\/fr\\\/\"},{\"@type\":\"ListItem\",\"position\":2,\"name\":\"Welkom bij Maison Boulvern\",\"item\":\"https:\\\/\\\/www.maisonboulvern.com\\\/index.php\\\/nl\\\/\"},{\"@type\":\"ListItem\",\"position\":3,\"name\":\"Activiteiten\",\"item\":\"https:\\\/\\\/www.maisonboulvern.com\\\/index.php\\\/nl\\\/welkom-bij-maison-boulvern\\\/activiteiten\\\/\"},{\"@type\":\"ListItem\",\"position\":4,\"name\":\"Festivals en evenementen\"}]},{\"@type\":\"WebSite\",\"@id\":\"https:\\\/\\\/www.maisonboulvern.com\\\/#website\",\"url\":\"https:\\\/\\\/www.maisonboulvern.com\\\/\",\"name\":\"Maison Boulvern\",\"description\":\"Chambres d&#039;h\u00f4tes de charme au c\u0153ur du Finist\u00e8re\",\"publisher\":{\"@id\":\"https:\\\/\\\/www.maisonboulvern.com\\\/#organization\"},\"potentialAction\":[{\"@type\":\"SearchAction\",\"target\":{\"@type\":\"EntryPoint\",\"urlTemplate\":\"https:\\\/\\\/www.maisonboulvern.com\\\/?s={search_term_string}\"},\"query-input\":{\"@type\":\"PropertyValueSpecification\",\"valueRequired\":true,\"valueName\":\"search_term_string\"}}],\"inLanguage\":\"fr-FR\"},{\"@type\":\"Organization\",\"@id\":\"https:\\\/\\\/www.maisonboulvern.com\\\/#organization\",\"name\":\"Maison Boulvern\",\"url\":\"https:\\\/\\\/www.maisonboulvern.com\\\/\",\"logo\":{\"@type\":\"ImageObject\",\"inLanguage\":\"fr-FR\",\"@id\":\"https:\\\/\\\/www.maisonboulvern.com\\\/#\\\/schema\\\/logo\\\/image\\\/\",\"url\":\"https:\\\/\\\/www.maisonboulvern.com\\\/wp-content\\\/uploads\\\/2020\\\/06\\\/Icone_512x512.jpg\",\"contentUrl\":\"https:\\\/\\\/www.maisonboulvern.com\\\/wp-content\\\/uploads\\\/2020\\\/06\\\/Icone_512x512.jpg\",\"width\":2135,\"height\":2135,\"caption\":\"Maison Boulvern\"},\"image\":{\"@id\":\"https:\\\/\\\/www.maisonboulvern.com\\\/#\\\/schema\\\/logo\\\/image\\\/\"}}]}<\/script>\n<!-- \/ Yoast SEO plugin. -->","yoast_head_json":{"title":"Festivals en evenementen - Maison Boulvern","robots":{"index":"index","follow":"follow","max-snippet":"max-snippet:-1","max-image-preview":"max-image-preview:large","max-video-preview":"max-video-preview:-1"},"canonical":"https:\/\/www.maisonboulvern.com\/index.php\/nl\/welkom-bij-maison-boulvern\/activiteiten\/festivals-en-evenementen\/","og_locale":"fr_FR","og_type":"article","og_title":"Festivals en evenementen - Maison Boulvern","og_description":"Gedurende het hele jaar worden er verschillende Bretonse evenementen georganiseerd. Houd onze Facebook pagina in de gaten, maar natuurlijk kunnen wij u tijdens uw verblijf ook vertellen welke evenementen er plaatsvinden.&nbsp;","og_url":"https:\/\/www.maisonboulvern.com\/index.php\/nl\/welkom-bij-maison-boulvern\/activiteiten\/festivals-en-evenementen\/","og_site_name":"Maison Boulvern","article_modified_time":"2019-05-09T12:39:55+00:00","og_image":[{"width":2000,"height":1065,"url":"https:\/\/www.maisonboulvern.com\/wp-content\/uploads\/2018\/08\/Pardon-StAnne_2000x1065.jpg","type":"image\/jpeg"}],"twitter_card":"summary_large_image","schema":{"@context":"https:\/\/schema.org","@graph":[{"@type":"WebPage","@id":"https:\/\/www.maisonboulvern.com\/index.php\/nl\/welkom-bij-maison-boulvern\/activiteiten\/festivals-en-evenementen\/","url":"https:\/\/www.maisonboulvern.com\/index.php\/nl\/welkom-bij-maison-boulvern\/activiteiten\/festivals-en-evenementen\/","name":"Festivals en evenementen - Maison Boulvern","isPartOf":{"@id":"https:\/\/www.maisonboulvern.com\/#website"},"primaryImageOfPage":{"@id":"https:\/\/www.maisonboulvern.com\/index.php\/nl\/welkom-bij-maison-boulvern\/activiteiten\/festivals-en-evenementen\/#primaryimage"},"image":{"@id":"https:\/\/www.maisonboulvern.com\/index.php\/nl\/welkom-bij-maison-boulvern\/activiteiten\/festivals-en-evenementen\/#primaryimage"},"thumbnailUrl":"https:\/\/www.maisonboulvern.com\/wp-content\/uploads\/2018\/08\/Pardon-StAnne_2000x1065.jpg","datePublished":"2019-05-09T12:19:54+00:00","dateModified":"2019-05-09T12:39:55+00:00","breadcrumb":{"@id":"https:\/\/www.maisonboulvern.com\/index.php\/nl\/welkom-bij-maison-boulvern\/activiteiten\/festivals-en-evenementen\/#breadcrumb"},"inLanguage":"fr-FR","potentialAction":[{"@type":"ReadAction","target":["https:\/\/www.maisonboulvern.com\/index.php\/nl\/welkom-bij-maison-boulvern\/activiteiten\/festivals-en-evenementen\/"]}]},{"@type":"ImageObject","inLanguage":"fr-FR","@id":"https:\/\/www.maisonboulvern.com\/index.php\/nl\/welkom-bij-maison-boulvern\/activiteiten\/festivals-en-evenementen\/#primaryimage","url":"https:\/\/www.maisonboulvern.com\/wp-content\/uploads\/2018\/08\/Pardon-StAnne_2000x1065.jpg","contentUrl":"https:\/\/www.maisonboulvern.com\/wp-content\/uploads\/2018\/08\/Pardon-StAnne_2000x1065.jpg","width":2000,"height":1065},{"@type":"BreadcrumbList","@id":"https:\/\/www.maisonboulvern.com\/index.php\/nl\/welkom-bij-maison-boulvern\/activiteiten\/festivals-en-evenementen\/#breadcrumb","itemListElement":[{"@type":"ListItem","position":1,"name":"Accueil","item":"https:\/\/www.maisonboulvern.com\/index.php\/fr\/"},{"@type":"ListItem","position":2,"name":"Welkom bij Maison Boulvern","item":"https:\/\/www.maisonboulvern.com\/index.php\/nl\/"},{"@type":"ListItem","position":3,"name":"Activiteiten","item":"https:\/\/www.maisonboulvern.com\/index.php\/nl\/welkom-bij-maison-boulvern\/activiteiten\/"},{"@type":"ListItem","position":4,"name":"Festivals en evenementen"}]},{"@type":"WebSite","@id":"https:\/\/www.maisonboulvern.com\/#website","url":"https:\/\/www.maisonboulvern.com\/","name":"Maison Boulvern","description":"Chambres d&#039;h\u00f4tes de charme au c\u0153ur du Finist\u00e8re","publisher":{"@id":"https:\/\/www.maisonboulvern.com\/#organization"},"potentialAction":[{"@type":"SearchAction","target":{"@type":"EntryPoint","urlTemplate":"https:\/\/www.maisonboulvern.com\/?s={search_term_string}"},"query-input":{"@type":"PropertyValueSpecification","valueRequired":true,"valueName":"search_term_string"}}],"inLanguage":"fr-FR"},{"@type":"Organization","@id":"https:\/\/www.maisonboulvern.com\/#organization","name":"Maison Boulvern","url":"https:\/\/www.maisonboulvern.com\/","logo":{"@type":"ImageObject","inLanguage":"fr-FR","@id":"https:\/\/www.maisonboulvern.com\/#\/schema\/logo\/image\/","url":"https:\/\/www.maisonboulvern.com\/wp-content\/uploads\/2020\/06\/Icone_512x512.jpg","contentUrl":"https:\/\/www.maisonboulvern.com\/wp-content\/uploads\/2020\/06\/Icone_512x512.jpg","width":2135,"height":2135,"caption":"Maison Boulvern"},"image":{"@id":"https:\/\/www.maisonboulvern.com\/#\/schema\/logo\/image\/"}}]}},"_links":{"self":[{"href":"https:\/\/www.maisonboulvern.com\/index.php\/wp-json\/wp\/v2\/pages\/790","targetHints":{"allow":["GET"]}}],"collection":[{"href":"https:\/\/www.maisonboulvern.com\/index.php\/wp-json\/wp\/v2\/pages"}],"about":[{"href":"https:\/\/www.maisonboulvern.com\/index.php\/wp-json\/wp\/v2\/types\/page"}],"author":[{"embeddable":true,"href":"https:\/\/www.maisonboulvern.com\/index.php\/wp-json\/wp\/v2\/users\/1"}],"replies":[{"embeddable":true,"href":"https:\/\/www.maisonboulvern.com\/index.php\/wp-json\/wp\/v2\/comments?post=790"}],"version-history":[{"count":1,"href":"https:\/\/www.maisonboulvern.com\/index.php\/wp-json\/wp\/v2\/pages\/790\/revisions"}],"predecessor-version":[{"id":792,"href":"https:\/\/www.maisonboulvern.com\/index.php\/wp-json\/wp\/v2\/pages\/790\/revisions\/792"}],"up":[{"embeddable":true,"href":"https:\/\/www.maisonboulvern.com\/index.php\/wp-json\/wp\/v2\/pages\/784"}],"wp:featuredmedia":[{"embeddable":true,"href":"https:\/\/www.maisonboulvern.com\/index.php\/wp-json\/wp\/v2\/media\/503"}],"wp:attachment":[{"href":"https:\/\/www.maisonboulvern.com\/index.php\/wp-json\/wp\/v2\/media?parent=790"}],"curies":[{"name":"wp","href":"https:\/\/api.w.org\/{rel}","templated":true}]}}