{"id":793,"date":"2019-05-09T14:20:29","date_gmt":"2019-05-09T12:20:29","guid":{"rendered":"http:\/\/maisonboulvern.com\/?page_id=793"},"modified":"2019-05-10T15:23:24","modified_gmt":"2019-05-10T13:23:24","slug":"cultureel-erfgoed","status":"publish","type":"page","link":"https:\/\/www.maisonboulvern.com\/index.php\/nl\/welkom-bij-maison-boulvern\/activiteiten\/cultureel-erfgoed\/","title":{"rendered":"Cultureel erfgoed"},"content":{"rendered":"\n<p>Ontdek het oude en huidige Bretagne door je onder te dompelen in de vele oude en nieuwe culturele plekken.<\/p>\n\n\n\n<p><strong>OMGEVING QUIMPER CORNOUAILLE<\/strong><\/p>\n\n\n\n<ul class=\"wp-block-list\"><li>Locronan | 10 mins<\/li><\/ul>\n\n\n\n<p>Dit stadje is een van de zeldzame \u201cpittoreske stadjes\u201d en \u201cmooiste dorpen van Frankrijk\u201d. Wandel door het schitterende dorpje en geniet van de mooiste granieten huizen in Bretagne in een prachtige omgeving.<\/p>\n\n\n\n<ul class=\"wp-block-list\"><li>Quimper | 25 mins<\/li><\/ul>\n\n\n\n<p>Bezoek het centrum van deze middeleeuwse stad en geniet van de mooie winkeltjes, heerlijk eten en haar musea. Het museum voor Schone kunsten is een echte aanraden en beschikt over de rijkste collectie van Bretagne.<\/p>\n\n\n\n<ul class=\"wp-block-list\"><li>Douarnenez | 25 mins<\/li><\/ul>\n\n\n\n<p>Deze vissersstad heeft 4 havens. Elke haven biedt haar eigen sfeer en geschiedenis. In de straatjes van deze stad vind u ateliers en oude vissershuizen. Sluit u bezoek af met een biertje op een van de levendige kades waar vissers en lokale bewoners avonds samenkomen. Een unieke en vrije sfeer.<\/p>\n\n\n\n<ul class=\"wp-block-list\"><li>Concarneau | 45 mins<\/li><\/ul>\n\n\n\n<p>Concaneau is bekend om haar oude vesting en haar mooie baai. Vertaald vanuit het Bretons heet dit plaatsje de \u2018Baai van Cornwell\u2019. In de vesting kunt u heerlijk dwalen in de kleine beschutte steegjes met haar mooie huizen of een bezoek brengen aan het vissersmuseum.<\/p>\n\n\n\n<p>Buiten de vesting kunt u genieten van de huidige haven en de prachtige baaien.<\/p>\n\n\n\n<p>Het gotische Chateau de Keriolet is een mooie mix van historie en architectuur. Laat u rondleiden door een van de gidsen en geniet van alle historische verhalen.<\/p>\n\n\n\n<p>Eten en drinken kunt u er ook goed doen. Bestel een heerlijke fruit-de-mer schotel als lunch of een verfijnde crepe.<\/p>\n\n\n\n<ul class=\"wp-block-list\"><li>Betoverende archipel van Gl\u00e9nan | Dagtrip<\/li><\/ul>\n\n\n\n<p>Vlakbij Concarneau ligt deze archipel die uit 7 kleine eilandjes bestaat. De archipel doet tropisch aan met haar witte stranden en blauwe zee. In de zomer is het mogelijk om Gl\u00e9nan te bezoeken. Vanaf B\u00e9nodet,&nbsp;<a href=\"http:\/\/www.bretagne-vakantie.bzh\/ontdek-de-bestemmingen\/quimper-cornouaille\/moet-je-zien\/concarneau\">Concarneau<\/a>, Loctudy, Pors-la-For\u00eat en Beg Meil neemt u de boot naar Saint-Nicolas. Maak een wandeling rondom het eiland of ga naar de top voor een schitterend uitzicht op zee.<\/p>\n\n\n\n<ul class=\"wp-block-list\"><li>Riec-sur-Belon | 45 mins<\/li><\/ul>\n\n\n\n<p>Oesters, zo van kweker! Do I need to say more\u2026 Volg de rotsachtige kust en geniet onderweg van uitzichten, voeten in de zee en een lekkere oester die bekend staat om haar karakteristieke hazelnoot smaak.<\/p>\n\n\n\n<ul class=\"wp-block-list\"><li>Pont-Aven | 45 mins<\/li><\/ul>\n\n\n\n<p>Vlakbij Concarneau ligt het kleine stadje dat vooral bekend is geworden om haar schilders. En niet de minste. Gauguin leidde er de schilderschool die haar inspiratie vond in de schoonheid van Pont-Aven.<\/p>\n\n\n\n<p>Wandel de route Xavier-Grall en kom via geheime loopbruggen en dammen en sluizen&nbsp;&nbsp;van stad in landschap en weer terug.<\/p>\n\n\n\n<ul class=\"wp-block-list\"><li>Do\u00eblen | 60 mins<\/li><\/ul>\n\n\n\n<p>Ook wel de parel aan de zuidkust genoemd door haar schilderachtige haven en omgeving. Onderweg kunt u al genieten met een route die langs kliffen loopt en prachtige vergezichten biedt.<\/p>\n\n\n\n<ul class=\"wp-block-list\"><li>N\u00e9vez | 45 mins<\/li><\/ul>\n\n\n\n<p>Dit kleine schiereiland ligt tussen Pont-Aven en Concarneau in. In deze omgeving kunt u bijzondere dorpjes vinden met markante huizen van rechtopstaande stenen en prachtige stranden en havens. Ook hier kunt u de GR34 een stuk volgen.<\/p>\n\n\n\n<ul class=\"wp-block-list\"><li>Benodet en Sainte-Marine | 45 mins<\/li><\/ul>\n\n\n\n<p>Gelegen in het zuidwesten van Bretagne liggen de Bigouden. De rivier Odet verbindt deze twee plaatsen. Vanuit Benodet neemt u in het hoogseizoen de voetgangers pont naar Sainte-Marine dat bekend staat om haar bloem- en boomrijke omgeving. Maar ook het dorpje met mooie haven is betoverend. Een ideale plek voor een heerlijke lunch.<\/p>\n\n\n\n<ul class=\"wp-block-list\"><li>Pointe de la Torche | 60 mins<\/li><\/ul>\n\n\n\n<p>Dit punt is een natuurlijk schiereiland dat midden in de Bigouden ligt. Deze plek is niet alleen bekend in de omgeving voor haar tulpen in het voorjaar, maar ook zeer geliefd bij surfers en wandelaars. Hier kun je megalithische (steentijd) plekken bezichtigen.<\/p>\n\n\n\n<ul class=\"wp-block-list\"><li>Les roches du Diable | 70 mins<\/li><\/ul>\n\n\n\n<p>Deze betoverde plek biedt prachtige wandelroutes en interessante geschiedenis. Om het evangelie te verkondigen moest Gu\u00e9nol\u00e9 een pact sluiten met de duivel. Hij mocht een brug bouwen om bij de bewoonde wereld te komen aan de oever waar de Duivel heerste. Maar, de eerste die de brug over zou steken, daarvan was de ziel voor de Duivel. Gu\u00e9nol\u00e9 stuurde heel slinks een eekhoorn over de brug. In zijn toorn maakte de duivel onder de brug een onpeilbare afgrond die vandaag de dag nog te zien is.<\/p>\n\n\n\n<p><strong>OMGEVING BREST TERRES OC\u00c9ANES<\/strong><\/p>\n\n\n\n<ul class=\"wp-block-list\"><li>Camaret-sur-Mer | 45 mins<\/li><\/ul>\n\n\n\n<p>De haven van Camaret is zeker een bezoek waard. Haar haven biedt voldoende eetgelegenheden in een leuke sfeer met kleurrijke huizen.<\/p>\n\n\n\n<p>In de omgeving vind je mooie stranden, menhirs en kun je wandelen rondom Cap de la chevre.<\/p>\n\n\n\n<ul class=\"wp-block-list\"><li>Landerneau | 45 mins<\/li><\/ul>\n\n\n\n<p>Zeker het bezoeken waard. Deze stad biedt verschillende monumenten zoals de cultureel beschermde brug Pont de Rohan waar nog steeds mensen op de brug wonen.<\/p>\n\n\n\n<p>Ook is dit een levendige stad waar veel culturele en muzikale evenementen worden georganiseerd.<\/p>\n\n\n\n<ul class=\"wp-block-list\"><li>Brest | 45 mins<\/li><\/ul>\n\n\n\n<p>Bezoek deze van traditie oude havenstad al wandelend of met het openbaar vervoer. Je kunt zelfs met de kabelbaan een tripje maken.&nbsp;&nbsp;In Brest komen oud en nieuw bij elkaar.&nbsp;<\/p>\n\n\n\n<p>Ook uniek in Brest is Oceanopolis. Een oceanisch park met veel verschillende aquaria (van haaien naar zeepaardjes) en een zeehondenkliniek. Ideaal met kinderen.<\/p>\n\n\n\n<ul class=\"wp-block-list\"><li>Plougastel | 40 mins<\/li><\/ul>\n\n\n\n<p>Niet alleen komen&nbsp;hier de Bretonse aardbeien vandaan, maar deze regio staat ook bekend om haar kruisbeelden, kapellen en natuurlijk de abdij Daoulas waar u heerlijk kunt genieten van de rust in haar grote kruidentuin.&nbsp;<\/p>\n\n\n\n<ul class=\"wp-block-list\"><li>Kapel Saint-Michel-de-Brasparts | 40 mins<\/li><\/ul>\n\n\n\n<p>De legende zegt dat deze kapel is gebouwd op een Keltische heilige plek. Veel mensen ervaren hier daarom meer en bouwen torens van stenen om op hun eigen manier te verbinden met de goden en de natuur.<\/p>\n\n\n\n<p>De kapel ligt op een heuvel, in het ongerepte en beschermde gebied van Monts d\u2019Arree. Dit gebergte splitst de finistere in twee\u00ebn. Het gebied is bekend om haar vele legenden. De inwoners hier leven dagelijks met trollen en elven in hun achtertuin.<\/p>\n\n\n\n<p>Met kinderen is deze plek natuurlijk geweldig. Ook voor vogelaars is dit gebied het bezoeken waard door haar beschermde status.<\/p>\n\n\n\n<ul class=\"wp-block-list\"><li>De \u00ab\u00a0abers\u00a0\u00bb, kust der legenden | 75 mins<\/li><\/ul>\n\n\n\n<p>Een ruige kust, groene landschapen en statige vuurtorens. Bij deze riviermonding zijn veel kleine eilandjes te vinden waar gewandeld of gesurft kan worden. Ook zijn hier de meeste vuurtorens van heel Bretagne samen te vinden. \u2019s Avonds een spectaculair gezicht en overdag een adembenemend uitzicht vanaf de vuurtoren van \u00eele Vierge<\/p>\n\n\n\n<ul class=\"wp-block-list\"><li>La Vall\u00e9e des Saints | 65 mins<\/li><\/ul>\n\n\n\n<p><em>Oftewel het dal der heiligen.&nbsp;<\/em>Deze historische plek heeft een extra dimensie gekregen met de komst van 50 grote beelden van Bretonse heiligen. Een eerbetoon aan alle heiligen die aan de wieg van Bretagne hebben gestaan. Keltische legenden en huidig geloof komen hier samen. Een bijzondere plek die op haar eigen manier dus veel vertelt over ons mooie Bretagne.<\/p>\n","protected":false},"excerpt":{"rendered":"<p>Ontdek het oude en huidige Bretagne door je onder te dompelen in de vele oude en nieuwe culturele plekken. OMGEVING QUIMPER CORNOUAILLE Locronan | 10 mins Dit stadje is een van de zeldzame \u201cpittoreske stadjes\u201d en \u201cmooiste dorpen van Frankrijk\u201d. Wandel door het schitterende dorpje en geniet van de mooiste granieten huizen in Bretagne in &hellip; <a href=\"https:\/\/www.maisonboulvern.com\/index.php\/nl\/welkom-bij-maison-boulvern\/activiteiten\/cultureel-erfgoed\/\" class=\"more-link\">Continue reading<span class=\"screen-reader-text\"> \u00ab\u00a0Cultureel erfgoed\u00a0\u00bb<\/span><\/a><\/p>\n","protected":false},"author":1,"featured_media":537,"parent":784,"menu_order":1,"comment_status":"closed","ping_status":"closed","template":"","meta":{"footnotes":""},"class_list":["post-793","page","type-page","status-publish","has-post-thumbnail","hentry"],"yoast_head":"<!-- This site is optimized with the Yoast SEO plugin v27.5 - https:\/\/yoast.com\/product\/yoast-seo-wordpress\/ -->\n<title>Cultureel erfgoed - Maison Boulvern<\/title>\n<meta name=\"robots\" content=\"index, follow, max-snippet:-1, max-image-preview:large, max-video-preview:-1\" \/>\n<link rel=\"canonical\" href=\"https:\/\/www.maisonboulvern.com\/index.php\/nl\/welkom-bij-maison-boulvern\/activiteiten\/cultureel-erfgoed\/\" \/>\n<meta property=\"og:locale\" content=\"fr_FR\" \/>\n<meta property=\"og:type\" content=\"article\" \/>\n<meta property=\"og:title\" content=\"Cultureel erfgoed - Maison Boulvern\" \/>\n<meta property=\"og:description\" content=\"Ontdek het oude en huidige Bretagne door je onder te dompelen in de vele oude en nieuwe culturele plekken. OMGEVING QUIMPER CORNOUAILLE Locronan | 10 mins Dit stadje is een van de zeldzame \u201cpittoreske stadjes\u201d en \u201cmooiste dorpen van Frankrijk\u201d. Wandel door het schitterende dorpje en geniet van de mooiste granieten huizen in Bretagne in &hellip; Continue reading &quot;Cultureel erfgoed&quot;\" \/>\n<meta property=\"og:url\" content=\"https:\/\/www.maisonboulvern.com\/index.php\/nl\/welkom-bij-maison-boulvern\/activiteiten\/cultureel-erfgoed\/\" \/>\n<meta property=\"og:site_name\" content=\"Maison Boulvern\" \/>\n<meta property=\"article:modified_time\" content=\"2019-05-10T13:23:24+00:00\" \/>\n<meta property=\"og:image\" content=\"https:\/\/www.maisonboulvern.com\/wp-content\/uploads\/2018\/08\/Quimper-Pre\u0301fecture_2000x1065.jpg\" \/>\n\t<meta property=\"og:image:width\" content=\"2000\" \/>\n\t<meta property=\"og:image:height\" content=\"1065\" \/>\n\t<meta property=\"og:image:type\" content=\"image\/jpeg\" \/>\n<meta name=\"twitter:card\" content=\"summary_large_image\" \/>\n<meta name=\"twitter:label1\" content=\"Dur\u00e9e de lecture estim\u00e9e\" \/>\n\t<meta name=\"twitter:data1\" content=\"5 minutes\" \/>\n<script type=\"application\/ld+json\" class=\"yoast-schema-graph\">{\"@context\":\"https:\\\/\\\/schema.org\",\"@graph\":[{\"@type\":\"WebPage\",\"@id\":\"https:\\\/\\\/www.maisonboulvern.com\\\/index.php\\\/nl\\\/welkom-bij-maison-boulvern\\\/activiteiten\\\/cultureel-erfgoed\\\/\",\"url\":\"https:\\\/\\\/www.maisonboulvern.com\\\/index.php\\\/nl\\\/welkom-bij-maison-boulvern\\\/activiteiten\\\/cultureel-erfgoed\\\/\",\"name\":\"Cultureel erfgoed - Maison Boulvern\",\"isPartOf\":{\"@id\":\"https:\\\/\\\/www.maisonboulvern.com\\\/#website\"},\"primaryImageOfPage\":{\"@id\":\"https:\\\/\\\/www.maisonboulvern.com\\\/index.php\\\/nl\\\/welkom-bij-maison-boulvern\\\/activiteiten\\\/cultureel-erfgoed\\\/#primaryimage\"},\"image\":{\"@id\":\"https:\\\/\\\/www.maisonboulvern.com\\\/index.php\\\/nl\\\/welkom-bij-maison-boulvern\\\/activiteiten\\\/cultureel-erfgoed\\\/#primaryimage\"},\"thumbnailUrl\":\"https:\\\/\\\/www.maisonboulvern.com\\\/wp-content\\\/uploads\\\/2018\\\/08\\\/Quimper-Pre\u0301fecture_2000x1065.jpg\",\"datePublished\":\"2019-05-09T12:20:29+00:00\",\"dateModified\":\"2019-05-10T13:23:24+00:00\",\"breadcrumb\":{\"@id\":\"https:\\\/\\\/www.maisonboulvern.com\\\/index.php\\\/nl\\\/welkom-bij-maison-boulvern\\\/activiteiten\\\/cultureel-erfgoed\\\/#breadcrumb\"},\"inLanguage\":\"fr-FR\",\"potentialAction\":[{\"@type\":\"ReadAction\",\"target\":[\"https:\\\/\\\/www.maisonboulvern.com\\\/index.php\\\/nl\\\/welkom-bij-maison-boulvern\\\/activiteiten\\\/cultureel-erfgoed\\\/\"]}]},{\"@type\":\"ImageObject\",\"inLanguage\":\"fr-FR\",\"@id\":\"https:\\\/\\\/www.maisonboulvern.com\\\/index.php\\\/nl\\\/welkom-bij-maison-boulvern\\\/activiteiten\\\/cultureel-erfgoed\\\/#primaryimage\",\"url\":\"https:\\\/\\\/www.maisonboulvern.com\\\/wp-content\\\/uploads\\\/2018\\\/08\\\/Quimper-Pre\u0301fecture_2000x1065.jpg\",\"contentUrl\":\"https:\\\/\\\/www.maisonboulvern.com\\\/wp-content\\\/uploads\\\/2018\\\/08\\\/Quimper-Pre\u0301fecture_2000x1065.jpg\",\"width\":2000,\"height\":1065},{\"@type\":\"BreadcrumbList\",\"@id\":\"https:\\\/\\\/www.maisonboulvern.com\\\/index.php\\\/nl\\\/welkom-bij-maison-boulvern\\\/activiteiten\\\/cultureel-erfgoed\\\/#breadcrumb\",\"itemListElement\":[{\"@type\":\"ListItem\",\"position\":1,\"name\":\"Accueil\",\"item\":\"https:\\\/\\\/www.maisonboulvern.com\\\/index.php\\\/fr\\\/\"},{\"@type\":\"ListItem\",\"position\":2,\"name\":\"Welkom bij Maison Boulvern\",\"item\":\"https:\\\/\\\/www.maisonboulvern.com\\\/index.php\\\/nl\\\/\"},{\"@type\":\"ListItem\",\"position\":3,\"name\":\"Activiteiten\",\"item\":\"https:\\\/\\\/www.maisonboulvern.com\\\/index.php\\\/nl\\\/welkom-bij-maison-boulvern\\\/activiteiten\\\/\"},{\"@type\":\"ListItem\",\"position\":4,\"name\":\"Cultureel erfgoed\"}]},{\"@type\":\"WebSite\",\"@id\":\"https:\\\/\\\/www.maisonboulvern.com\\\/#website\",\"url\":\"https:\\\/\\\/www.maisonboulvern.com\\\/\",\"name\":\"Maison Boulvern\",\"description\":\"Chambres d&#039;h\u00f4tes de charme au c\u0153ur du Finist\u00e8re\",\"publisher\":{\"@id\":\"https:\\\/\\\/www.maisonboulvern.com\\\/#organization\"},\"potentialAction\":[{\"@type\":\"SearchAction\",\"target\":{\"@type\":\"EntryPoint\",\"urlTemplate\":\"https:\\\/\\\/www.maisonboulvern.com\\\/?s={search_term_string}\"},\"query-input\":{\"@type\":\"PropertyValueSpecification\",\"valueRequired\":true,\"valueName\":\"search_term_string\"}}],\"inLanguage\":\"fr-FR\"},{\"@type\":\"Organization\",\"@id\":\"https:\\\/\\\/www.maisonboulvern.com\\\/#organization\",\"name\":\"Maison Boulvern\",\"url\":\"https:\\\/\\\/www.maisonboulvern.com\\\/\",\"logo\":{\"@type\":\"ImageObject\",\"inLanguage\":\"fr-FR\",\"@id\":\"https:\\\/\\\/www.maisonboulvern.com\\\/#\\\/schema\\\/logo\\\/image\\\/\",\"url\":\"https:\\\/\\\/www.maisonboulvern.com\\\/wp-content\\\/uploads\\\/2020\\\/06\\\/Icone_512x512.jpg\",\"contentUrl\":\"https:\\\/\\\/www.maisonboulvern.com\\\/wp-content\\\/uploads\\\/2020\\\/06\\\/Icone_512x512.jpg\",\"width\":2135,\"height\":2135,\"caption\":\"Maison Boulvern\"},\"image\":{\"@id\":\"https:\\\/\\\/www.maisonboulvern.com\\\/#\\\/schema\\\/logo\\\/image\\\/\"}}]}<\/script>\n<!-- \/ Yoast SEO plugin. -->","yoast_head_json":{"title":"Cultureel erfgoed - Maison Boulvern","robots":{"index":"index","follow":"follow","max-snippet":"max-snippet:-1","max-image-preview":"max-image-preview:large","max-video-preview":"max-video-preview:-1"},"canonical":"https:\/\/www.maisonboulvern.com\/index.php\/nl\/welkom-bij-maison-boulvern\/activiteiten\/cultureel-erfgoed\/","og_locale":"fr_FR","og_type":"article","og_title":"Cultureel erfgoed - Maison Boulvern","og_description":"Ontdek het oude en huidige Bretagne door je onder te dompelen in de vele oude en nieuwe culturele plekken. OMGEVING QUIMPER CORNOUAILLE Locronan | 10 mins Dit stadje is een van de zeldzame \u201cpittoreske stadjes\u201d en \u201cmooiste dorpen van Frankrijk\u201d. Wandel door het schitterende dorpje en geniet van de mooiste granieten huizen in Bretagne in &hellip; Continue reading \"Cultureel erfgoed\"","og_url":"https:\/\/www.maisonboulvern.com\/index.php\/nl\/welkom-bij-maison-boulvern\/activiteiten\/cultureel-erfgoed\/","og_site_name":"Maison Boulvern","article_modified_time":"2019-05-10T13:23:24+00:00","og_image":[{"width":2000,"height":1065,"url":"https:\/\/www.maisonboulvern.com\/wp-content\/uploads\/2018\/08\/Quimper-Pre\u0301fecture_2000x1065.jpg","type":"image\/jpeg"}],"twitter_card":"summary_large_image","twitter_misc":{"Dur\u00e9e de lecture estim\u00e9e":"5 minutes"},"schema":{"@context":"https:\/\/schema.org","@graph":[{"@type":"WebPage","@id":"https:\/\/www.maisonboulvern.com\/index.php\/nl\/welkom-bij-maison-boulvern\/activiteiten\/cultureel-erfgoed\/","url":"https:\/\/www.maisonboulvern.com\/index.php\/nl\/welkom-bij-maison-boulvern\/activiteiten\/cultureel-erfgoed\/","name":"Cultureel erfgoed - Maison Boulvern","isPartOf":{"@id":"https:\/\/www.maisonboulvern.com\/#website"},"primaryImageOfPage":{"@id":"https:\/\/www.maisonboulvern.com\/index.php\/nl\/welkom-bij-maison-boulvern\/activiteiten\/cultureel-erfgoed\/#primaryimage"},"image":{"@id":"https:\/\/www.maisonboulvern.com\/index.php\/nl\/welkom-bij-maison-boulvern\/activiteiten\/cultureel-erfgoed\/#primaryimage"},"thumbnailUrl":"https:\/\/www.maisonboulvern.com\/wp-content\/uploads\/2018\/08\/Quimper-Pre\u0301fecture_2000x1065.jpg","datePublished":"2019-05-09T12:20:29+00:00","dateModified":"2019-05-10T13:23:24+00:00","breadcrumb":{"@id":"https:\/\/www.maisonboulvern.com\/index.php\/nl\/welkom-bij-maison-boulvern\/activiteiten\/cultureel-erfgoed\/#breadcrumb"},"inLanguage":"fr-FR","potentialAction":[{"@type":"ReadAction","target":["https:\/\/www.maisonboulvern.com\/index.php\/nl\/welkom-bij-maison-boulvern\/activiteiten\/cultureel-erfgoed\/"]}]},{"@type":"ImageObject","inLanguage":"fr-FR","@id":"https:\/\/www.maisonboulvern.com\/index.php\/nl\/welkom-bij-maison-boulvern\/activiteiten\/cultureel-erfgoed\/#primaryimage","url":"https:\/\/www.maisonboulvern.com\/wp-content\/uploads\/2018\/08\/Quimper-Pre\u0301fecture_2000x1065.jpg","contentUrl":"https:\/\/www.maisonboulvern.com\/wp-content\/uploads\/2018\/08\/Quimper-Pre\u0301fecture_2000x1065.jpg","width":2000,"height":1065},{"@type":"BreadcrumbList","@id":"https:\/\/www.maisonboulvern.com\/index.php\/nl\/welkom-bij-maison-boulvern\/activiteiten\/cultureel-erfgoed\/#breadcrumb","itemListElement":[{"@type":"ListItem","position":1,"name":"Accueil","item":"https:\/\/www.maisonboulvern.com\/index.php\/fr\/"},{"@type":"ListItem","position":2,"name":"Welkom bij Maison Boulvern","item":"https:\/\/www.maisonboulvern.com\/index.php\/nl\/"},{"@type":"ListItem","position":3,"name":"Activiteiten","item":"https:\/\/www.maisonboulvern.com\/index.php\/nl\/welkom-bij-maison-boulvern\/activiteiten\/"},{"@type":"ListItem","position":4,"name":"Cultureel erfgoed"}]},{"@type":"WebSite","@id":"https:\/\/www.maisonboulvern.com\/#website","url":"https:\/\/www.maisonboulvern.com\/","name":"Maison Boulvern","description":"Chambres d&#039;h\u00f4tes de charme au c\u0153ur du Finist\u00e8re","publisher":{"@id":"https:\/\/www.maisonboulvern.com\/#organization"},"potentialAction":[{"@type":"SearchAction","target":{"@type":"EntryPoint","urlTemplate":"https:\/\/www.maisonboulvern.com\/?s={search_term_string}"},"query-input":{"@type":"PropertyValueSpecification","valueRequired":true,"valueName":"search_term_string"}}],"inLanguage":"fr-FR"},{"@type":"Organization","@id":"https:\/\/www.maisonboulvern.com\/#organization","name":"Maison Boulvern","url":"https:\/\/www.maisonboulvern.com\/","logo":{"@type":"ImageObject","inLanguage":"fr-FR","@id":"https:\/\/www.maisonboulvern.com\/#\/schema\/logo\/image\/","url":"https:\/\/www.maisonboulvern.com\/wp-content\/uploads\/2020\/06\/Icone_512x512.jpg","contentUrl":"https:\/\/www.maisonboulvern.com\/wp-content\/uploads\/2020\/06\/Icone_512x512.jpg","width":2135,"height":2135,"caption":"Maison Boulvern"},"image":{"@id":"https:\/\/www.maisonboulvern.com\/#\/schema\/logo\/image\/"}}]}},"_links":{"self":[{"href":"https:\/\/www.maisonboulvern.com\/index.php\/wp-json\/wp\/v2\/pages\/793","targetHints":{"allow":["GET"]}}],"collection":[{"href":"https:\/\/www.maisonboulvern.com\/index.php\/wp-json\/wp\/v2\/pages"}],"about":[{"href":"https:\/\/www.maisonboulvern.com\/index.php\/wp-json\/wp\/v2\/types\/page"}],"author":[{"embeddable":true,"href":"https:\/\/www.maisonboulvern.com\/index.php\/wp-json\/wp\/v2\/users\/1"}],"replies":[{"embeddable":true,"href":"https:\/\/www.maisonboulvern.com\/index.php\/wp-json\/wp\/v2\/comments?post=793"}],"version-history":[{"count":3,"href":"https:\/\/www.maisonboulvern.com\/index.php\/wp-json\/wp\/v2\/pages\/793\/revisions"}],"predecessor-version":[{"id":890,"href":"https:\/\/www.maisonboulvern.com\/index.php\/wp-json\/wp\/v2\/pages\/793\/revisions\/890"}],"up":[{"embeddable":true,"href":"https:\/\/www.maisonboulvern.com\/index.php\/wp-json\/wp\/v2\/pages\/784"}],"wp:featuredmedia":[{"embeddable":true,"href":"https:\/\/www.maisonboulvern.com\/index.php\/wp-json\/wp\/v2\/media\/537"}],"wp:attachment":[{"href":"https:\/\/www.maisonboulvern.com\/index.php\/wp-json\/wp\/v2\/media?parent=793"}],"curies":[{"name":"wp","href":"https:\/\/api.w.org\/{rel}","templated":true}]}}