{"id":918,"date":"2017-05-29T09:00:54","date_gmt":"2017-05-29T09:00:54","guid":{"rendered":"http:\/\/maisonboulvern.com\/?page_id=918"},"modified":"2026-01-20T11:20:34","modified_gmt":"2026-01-20T10:20:34","slug":"about-maison-boulvern","status":"publish","type":"page","link":"https:\/\/www.maisonboulvern.com\/index.php\/en\/about-maison-boulvern\/","title":{"rendered":"About Maison Boulvern"},"content":{"rendered":"\n<h3 class=\"wp-block-heading\"><strong>Come and share our lovely Bed &amp; Breakfast with us.<\/strong><\/h3>\n\n\n\n<p>Maison Boulvern means freedom, authenticity and modernity. You can go back to nature and the old Breton culture meanwhile enjoying present-day comfort.<\/p>\n\n\n\n<p>Your hostess is Josje. It is her pleasure to make you feel at home and make your stay really nice. Josje lives in this house with her husband Luc and twin sons Arthur and Tristan. Josje and Luc speak English, Dutch and French.<\/p>\n\n\n\n<p>In Maison Boulvern are four light, modern and comfortably furnished guest rooms with bathrooms on the first floor. The views are splendid, one side showing the countryside, the other a green lush garden.<\/p>\n\n\n\n<p>The drawing room is for the guests. Here you can meet, eat or just sit and relax, being on your own. The same goes for our garden where you can enjoy the quiet and the rural charm. This is the place where children can play and explore.&nbsp;<\/p>\n\n\n\n<p>We serve full breakfast. Bread from the best local baker, fruit, vegetables, cheese and meat from local producers, organically grown when available. We invite you to share dinner during low season. Our dinners are of the same quality.<\/p>\n\n\n\n<p>In Maison Boulvern are four light, modern and comfortably furnished guest rooms on the first floor, each with a private bathroom. The views are splendid, one side showing the countryside, the other our nice garden. Quiet is everywhere.<\/p>\n\n\n\n<p>For all practical informatie check our booklet online: <a href=\"https:\/\/my.styqr.fr\/96c34b27-3f0d-404a-9af7-b246d2ab36a7\">Booklet Maison Boulvern<\/a><\/p>\n\n\n\n<p><\/p>\n","protected":false},"excerpt":{"rendered":"<p>Come and share our lovely Bed &amp; Breakfast with us. Maison Boulvern means freedom, authenticity and modernity. You can go back to nature and the old Breton culture meanwhile enjoying present-day comfort. Your hostess is Josje. It is her pleasure to make you feel at home and make your stay really nice. Josje lives in &hellip; <a href=\"https:\/\/www.maisonboulvern.com\/index.php\/en\/about-maison-boulvern\/\" class=\"more-link\">Continue reading<span class=\"screen-reader-text\"> \u00ab\u00a0About Maison Boulvern\u00a0\u00bb<\/span><\/a><\/p>\n","protected":false},"author":1,"featured_media":432,"parent":0,"menu_order":0,"comment_status":"closed","ping_status":"closed","template":"","meta":{"footnotes":""},"class_list":["post-918","page","type-page","status-publish","has-post-thumbnail","hentry"],"yoast_head":"<!-- This site is optimized with the Yoast SEO plugin v27.5 - https:\/\/yoast.com\/product\/yoast-seo-wordpress\/ -->\n<title>About Maison Boulvern - Maison Boulvern<\/title>\n<meta name=\"robots\" content=\"index, follow, max-snippet:-1, max-image-preview:large, max-video-preview:-1\" \/>\n<link rel=\"canonical\" href=\"https:\/\/www.maisonboulvern.com\/index.php\/en\/about-maison-boulvern\/\" \/>\n<meta property=\"og:locale\" content=\"fr_FR\" \/>\n<meta property=\"og:type\" content=\"article\" \/>\n<meta property=\"og:title\" content=\"About Maison Boulvern - Maison Boulvern\" \/>\n<meta property=\"og:description\" content=\"Come and share our lovely Bed &amp; Breakfast with us. Maison Boulvern means freedom, authenticity and modernity. You can go back to nature and the old Breton culture meanwhile enjoying present-day comfort. Your hostess is Josje. It is her pleasure to make you feel at home and make your stay really nice. Josje lives in &hellip; Continue reading &quot;About Maison Boulvern&quot;\" \/>\n<meta property=\"og:url\" content=\"https:\/\/www.maisonboulvern.com\/index.php\/en\/about-maison-boulvern\/\" \/>\n<meta property=\"og:site_name\" content=\"Maison Boulvern\" \/>\n<meta property=\"article:modified_time\" content=\"2026-01-20T10:20:34+00:00\" \/>\n<meta property=\"og:image\" content=\"https:\/\/www.maisonboulvern.com\/wp-content\/uploads\/2018\/07\/Fronthouse2_2000x1065.jpg\" \/>\n\t<meta property=\"og:image:width\" content=\"2000\" \/>\n\t<meta property=\"og:image:height\" content=\"1065\" \/>\n\t<meta property=\"og:image:type\" content=\"image\/jpeg\" \/>\n<meta name=\"twitter:card\" content=\"summary_large_image\" \/>\n<meta name=\"twitter:label1\" content=\"Dur\u00e9e de lecture estim\u00e9e\" \/>\n\t<meta name=\"twitter:data1\" content=\"2 minutes\" \/>\n<script type=\"application\/ld+json\" class=\"yoast-schema-graph\">{\"@context\":\"https:\\\/\\\/schema.org\",\"@graph\":[{\"@type\":\"WebPage\",\"@id\":\"https:\\\/\\\/www.maisonboulvern.com\\\/index.php\\\/en\\\/about-maison-boulvern\\\/\",\"url\":\"https:\\\/\\\/www.maisonboulvern.com\\\/index.php\\\/en\\\/about-maison-boulvern\\\/\",\"name\":\"About Maison Boulvern - Maison Boulvern\",\"isPartOf\":{\"@id\":\"https:\\\/\\\/www.maisonboulvern.com\\\/#website\"},\"primaryImageOfPage\":{\"@id\":\"https:\\\/\\\/www.maisonboulvern.com\\\/index.php\\\/en\\\/about-maison-boulvern\\\/#primaryimage\"},\"image\":{\"@id\":\"https:\\\/\\\/www.maisonboulvern.com\\\/index.php\\\/en\\\/about-maison-boulvern\\\/#primaryimage\"},\"thumbnailUrl\":\"https:\\\/\\\/www.maisonboulvern.com\\\/wp-content\\\/uploads\\\/2018\\\/07\\\/Fronthouse2_2000x1065.jpg\",\"datePublished\":\"2017-05-29T09:00:54+00:00\",\"dateModified\":\"2026-01-20T10:20:34+00:00\",\"breadcrumb\":{\"@id\":\"https:\\\/\\\/www.maisonboulvern.com\\\/index.php\\\/en\\\/about-maison-boulvern\\\/#breadcrumb\"},\"inLanguage\":\"fr-FR\",\"potentialAction\":[{\"@type\":\"ReadAction\",\"target\":[\"https:\\\/\\\/www.maisonboulvern.com\\\/index.php\\\/en\\\/about-maison-boulvern\\\/\"]}]},{\"@type\":\"ImageObject\",\"inLanguage\":\"fr-FR\",\"@id\":\"https:\\\/\\\/www.maisonboulvern.com\\\/index.php\\\/en\\\/about-maison-boulvern\\\/#primaryimage\",\"url\":\"https:\\\/\\\/www.maisonboulvern.com\\\/wp-content\\\/uploads\\\/2018\\\/07\\\/Fronthouse2_2000x1065.jpg\",\"contentUrl\":\"https:\\\/\\\/www.maisonboulvern.com\\\/wp-content\\\/uploads\\\/2018\\\/07\\\/Fronthouse2_2000x1065.jpg\",\"width\":2000,\"height\":1065},{\"@type\":\"BreadcrumbList\",\"@id\":\"https:\\\/\\\/www.maisonboulvern.com\\\/index.php\\\/en\\\/about-maison-boulvern\\\/#breadcrumb\",\"itemListElement\":[{\"@type\":\"ListItem\",\"position\":1,\"name\":\"Accueil\",\"item\":\"https:\\\/\\\/www.maisonboulvern.com\\\/index.php\\\/fr\\\/\"},{\"@type\":\"ListItem\",\"position\":2,\"name\":\"About Maison Boulvern\"}]},{\"@type\":\"WebSite\",\"@id\":\"https:\\\/\\\/www.maisonboulvern.com\\\/#website\",\"url\":\"https:\\\/\\\/www.maisonboulvern.com\\\/\",\"name\":\"Maison Boulvern\",\"description\":\"Chambres d&#039;h\u00f4tes de charme au c\u0153ur du Finist\u00e8re\",\"publisher\":{\"@id\":\"https:\\\/\\\/www.maisonboulvern.com\\\/#organization\"},\"potentialAction\":[{\"@type\":\"SearchAction\",\"target\":{\"@type\":\"EntryPoint\",\"urlTemplate\":\"https:\\\/\\\/www.maisonboulvern.com\\\/?s={search_term_string}\"},\"query-input\":{\"@type\":\"PropertyValueSpecification\",\"valueRequired\":true,\"valueName\":\"search_term_string\"}}],\"inLanguage\":\"fr-FR\"},{\"@type\":\"Organization\",\"@id\":\"https:\\\/\\\/www.maisonboulvern.com\\\/#organization\",\"name\":\"Maison Boulvern\",\"url\":\"https:\\\/\\\/www.maisonboulvern.com\\\/\",\"logo\":{\"@type\":\"ImageObject\",\"inLanguage\":\"fr-FR\",\"@id\":\"https:\\\/\\\/www.maisonboulvern.com\\\/#\\\/schema\\\/logo\\\/image\\\/\",\"url\":\"https:\\\/\\\/www.maisonboulvern.com\\\/wp-content\\\/uploads\\\/2020\\\/06\\\/Icone_512x512.jpg\",\"contentUrl\":\"https:\\\/\\\/www.maisonboulvern.com\\\/wp-content\\\/uploads\\\/2020\\\/06\\\/Icone_512x512.jpg\",\"width\":2135,\"height\":2135,\"caption\":\"Maison Boulvern\"},\"image\":{\"@id\":\"https:\\\/\\\/www.maisonboulvern.com\\\/#\\\/schema\\\/logo\\\/image\\\/\"}}]}<\/script>\n<!-- \/ Yoast SEO plugin. -->","yoast_head_json":{"title":"About Maison Boulvern - Maison Boulvern","robots":{"index":"index","follow":"follow","max-snippet":"max-snippet:-1","max-image-preview":"max-image-preview:large","max-video-preview":"max-video-preview:-1"},"canonical":"https:\/\/www.maisonboulvern.com\/index.php\/en\/about-maison-boulvern\/","og_locale":"fr_FR","og_type":"article","og_title":"About Maison Boulvern - Maison Boulvern","og_description":"Come and share our lovely Bed &amp; Breakfast with us. Maison Boulvern means freedom, authenticity and modernity. You can go back to nature and the old Breton culture meanwhile enjoying present-day comfort. Your hostess is Josje. It is her pleasure to make you feel at home and make your stay really nice. Josje lives in &hellip; Continue reading \"About Maison Boulvern\"","og_url":"https:\/\/www.maisonboulvern.com\/index.php\/en\/about-maison-boulvern\/","og_site_name":"Maison Boulvern","article_modified_time":"2026-01-20T10:20:34+00:00","og_image":[{"width":2000,"height":1065,"url":"https:\/\/www.maisonboulvern.com\/wp-content\/uploads\/2018\/07\/Fronthouse2_2000x1065.jpg","type":"image\/jpeg"}],"twitter_card":"summary_large_image","twitter_misc":{"Dur\u00e9e de lecture estim\u00e9e":"2 minutes"},"schema":{"@context":"https:\/\/schema.org","@graph":[{"@type":"WebPage","@id":"https:\/\/www.maisonboulvern.com\/index.php\/en\/about-maison-boulvern\/","url":"https:\/\/www.maisonboulvern.com\/index.php\/en\/about-maison-boulvern\/","name":"About Maison Boulvern - Maison Boulvern","isPartOf":{"@id":"https:\/\/www.maisonboulvern.com\/#website"},"primaryImageOfPage":{"@id":"https:\/\/www.maisonboulvern.com\/index.php\/en\/about-maison-boulvern\/#primaryimage"},"image":{"@id":"https:\/\/www.maisonboulvern.com\/index.php\/en\/about-maison-boulvern\/#primaryimage"},"thumbnailUrl":"https:\/\/www.maisonboulvern.com\/wp-content\/uploads\/2018\/07\/Fronthouse2_2000x1065.jpg","datePublished":"2017-05-29T09:00:54+00:00","dateModified":"2026-01-20T10:20:34+00:00","breadcrumb":{"@id":"https:\/\/www.maisonboulvern.com\/index.php\/en\/about-maison-boulvern\/#breadcrumb"},"inLanguage":"fr-FR","potentialAction":[{"@type":"ReadAction","target":["https:\/\/www.maisonboulvern.com\/index.php\/en\/about-maison-boulvern\/"]}]},{"@type":"ImageObject","inLanguage":"fr-FR","@id":"https:\/\/www.maisonboulvern.com\/index.php\/en\/about-maison-boulvern\/#primaryimage","url":"https:\/\/www.maisonboulvern.com\/wp-content\/uploads\/2018\/07\/Fronthouse2_2000x1065.jpg","contentUrl":"https:\/\/www.maisonboulvern.com\/wp-content\/uploads\/2018\/07\/Fronthouse2_2000x1065.jpg","width":2000,"height":1065},{"@type":"BreadcrumbList","@id":"https:\/\/www.maisonboulvern.com\/index.php\/en\/about-maison-boulvern\/#breadcrumb","itemListElement":[{"@type":"ListItem","position":1,"name":"Accueil","item":"https:\/\/www.maisonboulvern.com\/index.php\/fr\/"},{"@type":"ListItem","position":2,"name":"About Maison Boulvern"}]},{"@type":"WebSite","@id":"https:\/\/www.maisonboulvern.com\/#website","url":"https:\/\/www.maisonboulvern.com\/","name":"Maison Boulvern","description":"Chambres d&#039;h\u00f4tes de charme au c\u0153ur du Finist\u00e8re","publisher":{"@id":"https:\/\/www.maisonboulvern.com\/#organization"},"potentialAction":[{"@type":"SearchAction","target":{"@type":"EntryPoint","urlTemplate":"https:\/\/www.maisonboulvern.com\/?s={search_term_string}"},"query-input":{"@type":"PropertyValueSpecification","valueRequired":true,"valueName":"search_term_string"}}],"inLanguage":"fr-FR"},{"@type":"Organization","@id":"https:\/\/www.maisonboulvern.com\/#organization","name":"Maison Boulvern","url":"https:\/\/www.maisonboulvern.com\/","logo":{"@type":"ImageObject","inLanguage":"fr-FR","@id":"https:\/\/www.maisonboulvern.com\/#\/schema\/logo\/image\/","url":"https:\/\/www.maisonboulvern.com\/wp-content\/uploads\/2020\/06\/Icone_512x512.jpg","contentUrl":"https:\/\/www.maisonboulvern.com\/wp-content\/uploads\/2020\/06\/Icone_512x512.jpg","width":2135,"height":2135,"caption":"Maison Boulvern"},"image":{"@id":"https:\/\/www.maisonboulvern.com\/#\/schema\/logo\/image\/"}}]}},"_links":{"self":[{"href":"https:\/\/www.maisonboulvern.com\/index.php\/wp-json\/wp\/v2\/pages\/918","targetHints":{"allow":["GET"]}}],"collection":[{"href":"https:\/\/www.maisonboulvern.com\/index.php\/wp-json\/wp\/v2\/pages"}],"about":[{"href":"https:\/\/www.maisonboulvern.com\/index.php\/wp-json\/wp\/v2\/types\/page"}],"author":[{"embeddable":true,"href":"https:\/\/www.maisonboulvern.com\/index.php\/wp-json\/wp\/v2\/users\/1"}],"replies":[{"embeddable":true,"href":"https:\/\/www.maisonboulvern.com\/index.php\/wp-json\/wp\/v2\/comments?post=918"}],"version-history":[{"count":8,"href":"https:\/\/www.maisonboulvern.com\/index.php\/wp-json\/wp\/v2\/pages\/918\/revisions"}],"predecessor-version":[{"id":7178,"href":"https:\/\/www.maisonboulvern.com\/index.php\/wp-json\/wp\/v2\/pages\/918\/revisions\/7178"}],"wp:featuredmedia":[{"embeddable":true,"href":"https:\/\/www.maisonboulvern.com\/index.php\/wp-json\/wp\/v2\/media\/432"}],"wp:attachment":[{"href":"https:\/\/www.maisonboulvern.com\/index.php\/wp-json\/wp\/v2\/media?parent=918"}],"curies":[{"name":"wp","href":"https:\/\/api.w.org\/{rel}","templated":true}]}}