{"id":930,"date":"2017-05-16T14:42:56","date_gmt":"2017-05-16T14:42:56","guid":{"rendered":"http:\/\/maisonboulvern.com\/?page_id=930"},"modified":"2026-01-19T13:22:17","modified_gmt":"2026-01-19T12:22:17","slug":"to-eat-and-drink","status":"publish","type":"page","link":"https:\/\/www.maisonboulvern.com\/index.php\/en\/welcome-at-maison-boulvern\/activities\/to-eat-and-drink\/","title":{"rendered":"To eat and drink"},"content":{"rendered":"\n<p>Crepes are Brittany\u2019s fish and chips. But there is much more. Near Maison Boulvern you can find a variety of gastronomic tastes.\u00a0<\/p>\n\n\n\n<p><\/p>\n\n\n\n<p><\/p>\n\n\n\n<p>Creperies:<\/p>\n\n\n\n<p><strong>Les 3 F\u00e9es, Locronan | 10 mins<\/strong><br>A charming traditional creperie run by the fairies. Delicious crepes with original, homemade recipes in a picturesque setting. Organic buckwheat and wheat flours are used. <a href=\"https:\/\/www.facebook.com\/creperieles3fees\/reviews\/?ref=page_internal&amp;mt_nav=0&amp;_rdr\">Visit the Les 3 F\u00e9es Facebook page<\/a><\/p>\n\n\n\n<p><\/p>\n\n\n\n<p><strong>Ty Coz, Locronan | 10 mins<\/strong><br>A Breton institution open since 1952 in the heart of the medieval town of Locronan. On the main square, opposite the church, this family-run creperie offers savory crepes with traditional flavors and original aromas. They don&rsquo;t take reservations, so be sure to arrive early or be prepared to wait. <a href=\"https:\/\/www.creperietycoz.fr\">https:\/\/www.creperietycoz.fr<\/a><\/p>\n\n\n\n<p><em><strong>L\u2019auberge des Glazicks, Plomodiern \/ 10 mins<\/strong><\/em><\/p>\n\n\n\n<p>This restaurant serves high quality lunches and dinners at a reasonable price. In 2010\u00a0<em>Olivier Bellin<\/em>, the owner, earned his second Michelin Star. Today the quality of the food is still the same. You can book at:\u00a0<a href=\"http:\/\/www.aubergedesglaziek.com\/fr\/\">http:\/\/www.aubergedesglaziek.com\/fr\/<\/a><\/p>\n\n\n\n<p>Of course we can book for you.<\/p>\n\n\n\n<p><strong>Le C\u00e9note Restaurant, Plomodiern | 10 mins<\/strong><br>A little gem (in the truest sense of the word) accompanied by a small but lovely menu. <a href=\"https:\/\/www.google.com\/search?client=safari&amp;rls=en&amp;q=le+cenote+plomodier&amp;ie=UTF-8&amp;oe=UTF-8#\">02 98 86 72 04<\/a><\/p>\n\n\n\n<p><strong>Restaurant Au coin du feu, Locronan | 10 mins<\/strong><br>A restaurant with very warm service and a simple, authentic menu. For beautiful and delicious cuisine. <a href=\"https:\/\/www.locronan-tourisme.bzh\/restaurants\/restaurant-au-coin-du-feu\/\">Information.<\/a><\/p>\n\n\n\n<p><strong>Le Prieur\u00e9 Restaurant, Locronan | 10 mins<\/strong><br>Located on the main street of the medieval village of Locronan, Le Prieur\u00e9 restaurant is a delightful stop for lovers of local produce in a contemporary and relaxed atmosphere. <a href=\"https:\/\/www.hotel-le-prieure.com\/234-le-restaurant.html\">Website.<\/a> <\/p>\n\n\n\n<p><strong>Ar Maen Hir Restaurant, Locronan | 10 mins<\/strong><br>Located in the charming village of Locronan, Ar Maen Hir is a hidden gem nestled between land and sea. The cuisine is refined without being pretentious. Reserve a table in the downstairs dining room to enjoy the nautical ambiance. <a href=\"https:\/\/www.facebook.com\/ArMaenHir\/\">Visit Ar Maen Hir&rsquo;s Facebook page<\/a>. <\/p>\n\n\n\n<p><strong>Restaurant Au Petit Bonheur, Chateaulin | 15 min<\/strong><\/p>\n\n\n\n<p>Situe au Chateaulin, Au Petit Bonheur est un petit restaurant familiair. La cuisine Francaise avec les produits frais. Leur site pour le menu et reservation:\u00a0<a href=\"https:\/\/restaurantaupetitbonheur.fr\/\">https:\/\/restaurantaupetitbonheur.fr\/\u00a0<\/a><\/p>\n\n\n\n<p><\/p>\n\n\n\n<p><\/p>\n","protected":false},"excerpt":{"rendered":"<p>Crepes are Brittany\u2019s fish and chips. But there is much more. Near Maison Boulvern you can find a variety of gastronomic tastes.\u00a0 Creperies: Les 3 F\u00e9es, Locronan | 10 minsA charming traditional creperie run by the fairies. Delicious crepes with original, homemade recipes in a picturesque setting. Organic buckwheat and wheat flours are used. Visit &hellip; <a href=\"https:\/\/www.maisonboulvern.com\/index.php\/en\/welcome-at-maison-boulvern\/activities\/to-eat-and-drink\/\" class=\"more-link\">Continue reading<span class=\"screen-reader-text\"> \u00ab\u00a0To eat and drink\u00a0\u00bb<\/span><\/a><\/p>\n","protected":false},"author":1,"featured_media":558,"parent":928,"menu_order":0,"comment_status":"closed","ping_status":"closed","template":"","meta":{"footnotes":""},"class_list":["post-930","page","type-page","status-publish","has-post-thumbnail","hentry"],"yoast_head":"<!-- This site is optimized with the Yoast SEO plugin v27.5 - https:\/\/yoast.com\/product\/yoast-seo-wordpress\/ -->\n<title>To eat and drink - Maison Boulvern<\/title>\n<meta name=\"robots\" content=\"index, follow, max-snippet:-1, max-image-preview:large, max-video-preview:-1\" \/>\n<link rel=\"canonical\" href=\"https:\/\/www.maisonboulvern.com\/index.php\/en\/welcome-at-maison-boulvern\/activities\/to-eat-and-drink\/\" \/>\n<meta property=\"og:locale\" content=\"fr_FR\" \/>\n<meta property=\"og:type\" content=\"article\" \/>\n<meta property=\"og:title\" content=\"To eat and drink - Maison Boulvern\" \/>\n<meta property=\"og:description\" content=\"Crepes are Brittany\u2019s fish and chips. But there is much more. Near Maison Boulvern you can find a variety of gastronomic tastes.\u00a0 Creperies: Les 3 F\u00e9es, Locronan | 10 minsA charming traditional creperie run by the fairies. Delicious crepes with original, homemade recipes in a picturesque setting. Organic buckwheat and wheat flours are used. Visit &hellip; Continue reading &quot;To eat and drink&quot;\" \/>\n<meta property=\"og:url\" content=\"https:\/\/www.maisonboulvern.com\/index.php\/en\/welcome-at-maison-boulvern\/activities\/to-eat-and-drink\/\" \/>\n<meta property=\"og:site_name\" content=\"Maison Boulvern\" \/>\n<meta property=\"article:modified_time\" content=\"2026-01-19T12:22:17+00:00\" \/>\n<meta property=\"og:image\" content=\"https:\/\/i0.wp.com\/www.maisonboulvern.com\/wp-content\/uploads\/2018\/08\/Culinaire_2000x1065.jpg?fit=2000%2C1065&ssl=1\" \/>\n\t<meta property=\"og:image:width\" content=\"2000\" \/>\n\t<meta property=\"og:image:height\" content=\"1065\" \/>\n\t<meta property=\"og:image:type\" content=\"image\/jpeg\" \/>\n<meta name=\"twitter:card\" content=\"summary_large_image\" \/>\n<meta name=\"twitter:label1\" content=\"Dur\u00e9e de lecture estim\u00e9e\" \/>\n\t<meta name=\"twitter:data1\" content=\"2 minutes\" \/>\n<script type=\"application\/ld+json\" class=\"yoast-schema-graph\">{\"@context\":\"https:\\\/\\\/schema.org\",\"@graph\":[{\"@type\":\"WebPage\",\"@id\":\"https:\\\/\\\/www.maisonboulvern.com\\\/index.php\\\/en\\\/welcome-at-maison-boulvern\\\/activities\\\/to-eat-and-drink\\\/\",\"url\":\"https:\\\/\\\/www.maisonboulvern.com\\\/index.php\\\/en\\\/welcome-at-maison-boulvern\\\/activities\\\/to-eat-and-drink\\\/\",\"name\":\"To eat and drink - Maison Boulvern\",\"isPartOf\":{\"@id\":\"https:\\\/\\\/www.maisonboulvern.com\\\/#website\"},\"primaryImageOfPage\":{\"@id\":\"https:\\\/\\\/www.maisonboulvern.com\\\/index.php\\\/en\\\/welcome-at-maison-boulvern\\\/activities\\\/to-eat-and-drink\\\/#primaryimage\"},\"image\":{\"@id\":\"https:\\\/\\\/www.maisonboulvern.com\\\/index.php\\\/en\\\/welcome-at-maison-boulvern\\\/activities\\\/to-eat-and-drink\\\/#primaryimage\"},\"thumbnailUrl\":\"https:\\\/\\\/www.maisonboulvern.com\\\/wp-content\\\/uploads\\\/2018\\\/08\\\/Culinaire_2000x1065.jpg\",\"datePublished\":\"2017-05-16T14:42:56+00:00\",\"dateModified\":\"2026-01-19T12:22:17+00:00\",\"breadcrumb\":{\"@id\":\"https:\\\/\\\/www.maisonboulvern.com\\\/index.php\\\/en\\\/welcome-at-maison-boulvern\\\/activities\\\/to-eat-and-drink\\\/#breadcrumb\"},\"inLanguage\":\"fr-FR\",\"potentialAction\":[{\"@type\":\"ReadAction\",\"target\":[\"https:\\\/\\\/www.maisonboulvern.com\\\/index.php\\\/en\\\/welcome-at-maison-boulvern\\\/activities\\\/to-eat-and-drink\\\/\"]}]},{\"@type\":\"ImageObject\",\"inLanguage\":\"fr-FR\",\"@id\":\"https:\\\/\\\/www.maisonboulvern.com\\\/index.php\\\/en\\\/welcome-at-maison-boulvern\\\/activities\\\/to-eat-and-drink\\\/#primaryimage\",\"url\":\"https:\\\/\\\/www.maisonboulvern.com\\\/wp-content\\\/uploads\\\/2018\\\/08\\\/Culinaire_2000x1065.jpg\",\"contentUrl\":\"https:\\\/\\\/www.maisonboulvern.com\\\/wp-content\\\/uploads\\\/2018\\\/08\\\/Culinaire_2000x1065.jpg\",\"width\":2000,\"height\":1065},{\"@type\":\"BreadcrumbList\",\"@id\":\"https:\\\/\\\/www.maisonboulvern.com\\\/index.php\\\/en\\\/welcome-at-maison-boulvern\\\/activities\\\/to-eat-and-drink\\\/#breadcrumb\",\"itemListElement\":[{\"@type\":\"ListItem\",\"position\":1,\"name\":\"Accueil\",\"item\":\"https:\\\/\\\/www.maisonboulvern.com\\\/index.php\\\/fr\\\/\"},{\"@type\":\"ListItem\",\"position\":2,\"name\":\"Welcome at Maison Boulvern\",\"item\":\"https:\\\/\\\/www.maisonboulvern.com\\\/index.php\\\/en\\\/\"},{\"@type\":\"ListItem\",\"position\":3,\"name\":\"Activities\",\"item\":\"https:\\\/\\\/www.maisonboulvern.com\\\/index.php\\\/en\\\/welcome-at-maison-boulvern\\\/activities\\\/\"},{\"@type\":\"ListItem\",\"position\":4,\"name\":\"To eat and drink\"}]},{\"@type\":\"WebSite\",\"@id\":\"https:\\\/\\\/www.maisonboulvern.com\\\/#website\",\"url\":\"https:\\\/\\\/www.maisonboulvern.com\\\/\",\"name\":\"Maison Boulvern\",\"description\":\"Chambres d&#039;h\u00f4tes de charme au c\u0153ur du Finist\u00e8re\",\"publisher\":{\"@id\":\"https:\\\/\\\/www.maisonboulvern.com\\\/#organization\"},\"potentialAction\":[{\"@type\":\"SearchAction\",\"target\":{\"@type\":\"EntryPoint\",\"urlTemplate\":\"https:\\\/\\\/www.maisonboulvern.com\\\/?s={search_term_string}\"},\"query-input\":{\"@type\":\"PropertyValueSpecification\",\"valueRequired\":true,\"valueName\":\"search_term_string\"}}],\"inLanguage\":\"fr-FR\"},{\"@type\":\"Organization\",\"@id\":\"https:\\\/\\\/www.maisonboulvern.com\\\/#organization\",\"name\":\"Maison Boulvern\",\"url\":\"https:\\\/\\\/www.maisonboulvern.com\\\/\",\"logo\":{\"@type\":\"ImageObject\",\"inLanguage\":\"fr-FR\",\"@id\":\"https:\\\/\\\/www.maisonboulvern.com\\\/#\\\/schema\\\/logo\\\/image\\\/\",\"url\":\"https:\\\/\\\/www.maisonboulvern.com\\\/wp-content\\\/uploads\\\/2020\\\/06\\\/Icone_512x512.jpg\",\"contentUrl\":\"https:\\\/\\\/www.maisonboulvern.com\\\/wp-content\\\/uploads\\\/2020\\\/06\\\/Icone_512x512.jpg\",\"width\":2135,\"height\":2135,\"caption\":\"Maison Boulvern\"},\"image\":{\"@id\":\"https:\\\/\\\/www.maisonboulvern.com\\\/#\\\/schema\\\/logo\\\/image\\\/\"}}]}<\/script>\n<!-- \/ Yoast SEO plugin. -->","yoast_head_json":{"title":"To eat and drink - Maison Boulvern","robots":{"index":"index","follow":"follow","max-snippet":"max-snippet:-1","max-image-preview":"max-image-preview:large","max-video-preview":"max-video-preview:-1"},"canonical":"https:\/\/www.maisonboulvern.com\/index.php\/en\/welcome-at-maison-boulvern\/activities\/to-eat-and-drink\/","og_locale":"fr_FR","og_type":"article","og_title":"To eat and drink - Maison Boulvern","og_description":"Crepes are Brittany\u2019s fish and chips. But there is much more. Near Maison Boulvern you can find a variety of gastronomic tastes.\u00a0 Creperies: Les 3 F\u00e9es, Locronan | 10 minsA charming traditional creperie run by the fairies. Delicious crepes with original, homemade recipes in a picturesque setting. Organic buckwheat and wheat flours are used. Visit &hellip; Continue reading \"To eat and drink\"","og_url":"https:\/\/www.maisonboulvern.com\/index.php\/en\/welcome-at-maison-boulvern\/activities\/to-eat-and-drink\/","og_site_name":"Maison Boulvern","article_modified_time":"2026-01-19T12:22:17+00:00","og_image":[{"width":2000,"height":1065,"url":"https:\/\/i0.wp.com\/www.maisonboulvern.com\/wp-content\/uploads\/2018\/08\/Culinaire_2000x1065.jpg?fit=2000%2C1065&ssl=1","type":"image\/jpeg"}],"twitter_card":"summary_large_image","twitter_misc":{"Dur\u00e9e de lecture estim\u00e9e":"2 minutes"},"schema":{"@context":"https:\/\/schema.org","@graph":[{"@type":"WebPage","@id":"https:\/\/www.maisonboulvern.com\/index.php\/en\/welcome-at-maison-boulvern\/activities\/to-eat-and-drink\/","url":"https:\/\/www.maisonboulvern.com\/index.php\/en\/welcome-at-maison-boulvern\/activities\/to-eat-and-drink\/","name":"To eat and drink - Maison Boulvern","isPartOf":{"@id":"https:\/\/www.maisonboulvern.com\/#website"},"primaryImageOfPage":{"@id":"https:\/\/www.maisonboulvern.com\/index.php\/en\/welcome-at-maison-boulvern\/activities\/to-eat-and-drink\/#primaryimage"},"image":{"@id":"https:\/\/www.maisonboulvern.com\/index.php\/en\/welcome-at-maison-boulvern\/activities\/to-eat-and-drink\/#primaryimage"},"thumbnailUrl":"https:\/\/www.maisonboulvern.com\/wp-content\/uploads\/2018\/08\/Culinaire_2000x1065.jpg","datePublished":"2017-05-16T14:42:56+00:00","dateModified":"2026-01-19T12:22:17+00:00","breadcrumb":{"@id":"https:\/\/www.maisonboulvern.com\/index.php\/en\/welcome-at-maison-boulvern\/activities\/to-eat-and-drink\/#breadcrumb"},"inLanguage":"fr-FR","potentialAction":[{"@type":"ReadAction","target":["https:\/\/www.maisonboulvern.com\/index.php\/en\/welcome-at-maison-boulvern\/activities\/to-eat-and-drink\/"]}]},{"@type":"ImageObject","inLanguage":"fr-FR","@id":"https:\/\/www.maisonboulvern.com\/index.php\/en\/welcome-at-maison-boulvern\/activities\/to-eat-and-drink\/#primaryimage","url":"https:\/\/www.maisonboulvern.com\/wp-content\/uploads\/2018\/08\/Culinaire_2000x1065.jpg","contentUrl":"https:\/\/www.maisonboulvern.com\/wp-content\/uploads\/2018\/08\/Culinaire_2000x1065.jpg","width":2000,"height":1065},{"@type":"BreadcrumbList","@id":"https:\/\/www.maisonboulvern.com\/index.php\/en\/welcome-at-maison-boulvern\/activities\/to-eat-and-drink\/#breadcrumb","itemListElement":[{"@type":"ListItem","position":1,"name":"Accueil","item":"https:\/\/www.maisonboulvern.com\/index.php\/fr\/"},{"@type":"ListItem","position":2,"name":"Welcome at Maison Boulvern","item":"https:\/\/www.maisonboulvern.com\/index.php\/en\/"},{"@type":"ListItem","position":3,"name":"Activities","item":"https:\/\/www.maisonboulvern.com\/index.php\/en\/welcome-at-maison-boulvern\/activities\/"},{"@type":"ListItem","position":4,"name":"To eat and drink"}]},{"@type":"WebSite","@id":"https:\/\/www.maisonboulvern.com\/#website","url":"https:\/\/www.maisonboulvern.com\/","name":"Maison Boulvern","description":"Chambres d&#039;h\u00f4tes de charme au c\u0153ur du Finist\u00e8re","publisher":{"@id":"https:\/\/www.maisonboulvern.com\/#organization"},"potentialAction":[{"@type":"SearchAction","target":{"@type":"EntryPoint","urlTemplate":"https:\/\/www.maisonboulvern.com\/?s={search_term_string}"},"query-input":{"@type":"PropertyValueSpecification","valueRequired":true,"valueName":"search_term_string"}}],"inLanguage":"fr-FR"},{"@type":"Organization","@id":"https:\/\/www.maisonboulvern.com\/#organization","name":"Maison Boulvern","url":"https:\/\/www.maisonboulvern.com\/","logo":{"@type":"ImageObject","inLanguage":"fr-FR","@id":"https:\/\/www.maisonboulvern.com\/#\/schema\/logo\/image\/","url":"https:\/\/www.maisonboulvern.com\/wp-content\/uploads\/2020\/06\/Icone_512x512.jpg","contentUrl":"https:\/\/www.maisonboulvern.com\/wp-content\/uploads\/2020\/06\/Icone_512x512.jpg","width":2135,"height":2135,"caption":"Maison Boulvern"},"image":{"@id":"https:\/\/www.maisonboulvern.com\/#\/schema\/logo\/image\/"}}]}},"_links":{"self":[{"href":"https:\/\/www.maisonboulvern.com\/index.php\/wp-json\/wp\/v2\/pages\/930","targetHints":{"allow":["GET"]}}],"collection":[{"href":"https:\/\/www.maisonboulvern.com\/index.php\/wp-json\/wp\/v2\/pages"}],"about":[{"href":"https:\/\/www.maisonboulvern.com\/index.php\/wp-json\/wp\/v2\/types\/page"}],"author":[{"embeddable":true,"href":"https:\/\/www.maisonboulvern.com\/index.php\/wp-json\/wp\/v2\/users\/1"}],"replies":[{"embeddable":true,"href":"https:\/\/www.maisonboulvern.com\/index.php\/wp-json\/wp\/v2\/comments?post=930"}],"version-history":[{"count":5,"href":"https:\/\/www.maisonboulvern.com\/index.php\/wp-json\/wp\/v2\/pages\/930\/revisions"}],"predecessor-version":[{"id":7173,"href":"https:\/\/www.maisonboulvern.com\/index.php\/wp-json\/wp\/v2\/pages\/930\/revisions\/7173"}],"up":[{"embeddable":true,"href":"https:\/\/www.maisonboulvern.com\/index.php\/wp-json\/wp\/v2\/pages\/928"}],"wp:featuredmedia":[{"embeddable":true,"href":"https:\/\/www.maisonboulvern.com\/index.php\/wp-json\/wp\/v2\/media\/558"}],"wp:attachment":[{"href":"https:\/\/www.maisonboulvern.com\/index.php\/wp-json\/wp\/v2\/media?parent=930"}],"curies":[{"name":"wp","href":"https:\/\/api.w.org\/{rel}","templated":true}]}}