{"id":932,"date":"2017-05-16T18:30:58","date_gmt":"2017-05-16T18:30:58","guid":{"rendered":"http:\/\/maisonboulvern.com\/?page_id=932"},"modified":"2020-02-11T13:13:28","modified_gmt":"2020-02-11T12:13:28","slug":"festivals-and-events","status":"publish","type":"page","link":"https:\/\/www.maisonboulvern.com\/index.php\/en\/welcome-at-maison-boulvern\/activities\/festivals-and-events\/","title":{"rendered":"Festivals and events"},"content":{"rendered":"\n<h3 class=\"wp-block-heading\">Meet original Brittany<\/h3>\n\n\n\n<p>Throughout the year several Breton events are organized. Because there is so much to do we refer to the website of the Breton Tourist Information.<\/p>\n\n\n\n<p>Visit our Facebook for events. We prefer to inform you during your stay at Maison Boulvern.<\/p>\n","protected":false},"excerpt":{"rendered":"<p>Meet original Brittany Throughout the year several Breton events are organized. Because there is so much to do we refer to the website of the Breton Tourist Information. Visit our Facebook for events. We prefer to inform you during your stay at Maison Boulvern.<\/p>\n","protected":false},"author":1,"featured_media":503,"parent":928,"menu_order":0,"comment_status":"closed","ping_status":"closed","template":"","meta":{"footnotes":""},"class_list":["post-932","page","type-page","status-publish","has-post-thumbnail","hentry"],"yoast_head":"<!-- This site is optimized with the Yoast SEO plugin v27.5 - https:\/\/yoast.com\/product\/yoast-seo-wordpress\/ -->\n<title>Festivals and events - Maison Boulvern<\/title>\n<meta name=\"robots\" content=\"index, follow, max-snippet:-1, max-image-preview:large, max-video-preview:-1\" \/>\n<link rel=\"canonical\" href=\"https:\/\/www.maisonboulvern.com\/index.php\/en\/welcome-at-maison-boulvern\/activities\/festivals-and-events\/\" \/>\n<meta property=\"og:locale\" content=\"fr_FR\" \/>\n<meta property=\"og:type\" content=\"article\" \/>\n<meta property=\"og:title\" content=\"Festivals and events - Maison Boulvern\" \/>\n<meta property=\"og:description\" content=\"Meet original Brittany Throughout the year several Breton events are organized. Because there is so much to do we refer to the website of the Breton Tourist Information. Visit our Facebook for events. We prefer to inform you during your stay at Maison Boulvern.\" \/>\n<meta property=\"og:url\" content=\"https:\/\/www.maisonboulvern.com\/index.php\/en\/welcome-at-maison-boulvern\/activities\/festivals-and-events\/\" \/>\n<meta property=\"og:site_name\" content=\"Maison Boulvern\" \/>\n<meta property=\"article:modified_time\" content=\"2020-02-11T12:13:28+00:00\" \/>\n<meta property=\"og:image\" content=\"https:\/\/i0.wp.com\/www.maisonboulvern.com\/wp-content\/uploads\/2018\/08\/Pardon-StAnne_2000x1065.jpg?fit=2000%2C1065&ssl=1\" \/>\n\t<meta property=\"og:image:width\" content=\"2000\" \/>\n\t<meta property=\"og:image:height\" content=\"1065\" \/>\n\t<meta property=\"og:image:type\" content=\"image\/jpeg\" \/>\n<meta name=\"twitter:card\" content=\"summary_large_image\" \/>\n<script type=\"application\/ld+json\" class=\"yoast-schema-graph\">{\"@context\":\"https:\\\/\\\/schema.org\",\"@graph\":[{\"@type\":\"WebPage\",\"@id\":\"https:\\\/\\\/www.maisonboulvern.com\\\/index.php\\\/en\\\/welcome-at-maison-boulvern\\\/activities\\\/festivals-and-events\\\/\",\"url\":\"https:\\\/\\\/www.maisonboulvern.com\\\/index.php\\\/en\\\/welcome-at-maison-boulvern\\\/activities\\\/festivals-and-events\\\/\",\"name\":\"Festivals and events - Maison Boulvern\",\"isPartOf\":{\"@id\":\"https:\\\/\\\/www.maisonboulvern.com\\\/#website\"},\"primaryImageOfPage\":{\"@id\":\"https:\\\/\\\/www.maisonboulvern.com\\\/index.php\\\/en\\\/welcome-at-maison-boulvern\\\/activities\\\/festivals-and-events\\\/#primaryimage\"},\"image\":{\"@id\":\"https:\\\/\\\/www.maisonboulvern.com\\\/index.php\\\/en\\\/welcome-at-maison-boulvern\\\/activities\\\/festivals-and-events\\\/#primaryimage\"},\"thumbnailUrl\":\"https:\\\/\\\/www.maisonboulvern.com\\\/wp-content\\\/uploads\\\/2018\\\/08\\\/Pardon-StAnne_2000x1065.jpg\",\"datePublished\":\"2017-05-16T18:30:58+00:00\",\"dateModified\":\"2020-02-11T12:13:28+00:00\",\"breadcrumb\":{\"@id\":\"https:\\\/\\\/www.maisonboulvern.com\\\/index.php\\\/en\\\/welcome-at-maison-boulvern\\\/activities\\\/festivals-and-events\\\/#breadcrumb\"},\"inLanguage\":\"fr-FR\",\"potentialAction\":[{\"@type\":\"ReadAction\",\"target\":[\"https:\\\/\\\/www.maisonboulvern.com\\\/index.php\\\/en\\\/welcome-at-maison-boulvern\\\/activities\\\/festivals-and-events\\\/\"]}]},{\"@type\":\"ImageObject\",\"inLanguage\":\"fr-FR\",\"@id\":\"https:\\\/\\\/www.maisonboulvern.com\\\/index.php\\\/en\\\/welcome-at-maison-boulvern\\\/activities\\\/festivals-and-events\\\/#primaryimage\",\"url\":\"https:\\\/\\\/www.maisonboulvern.com\\\/wp-content\\\/uploads\\\/2018\\\/08\\\/Pardon-StAnne_2000x1065.jpg\",\"contentUrl\":\"https:\\\/\\\/www.maisonboulvern.com\\\/wp-content\\\/uploads\\\/2018\\\/08\\\/Pardon-StAnne_2000x1065.jpg\",\"width\":2000,\"height\":1065},{\"@type\":\"BreadcrumbList\",\"@id\":\"https:\\\/\\\/www.maisonboulvern.com\\\/index.php\\\/en\\\/welcome-at-maison-boulvern\\\/activities\\\/festivals-and-events\\\/#breadcrumb\",\"itemListElement\":[{\"@type\":\"ListItem\",\"position\":1,\"name\":\"Accueil\",\"item\":\"https:\\\/\\\/www.maisonboulvern.com\\\/index.php\\\/fr\\\/\"},{\"@type\":\"ListItem\",\"position\":2,\"name\":\"Welcome at Maison Boulvern\",\"item\":\"https:\\\/\\\/www.maisonboulvern.com\\\/index.php\\\/en\\\/\"},{\"@type\":\"ListItem\",\"position\":3,\"name\":\"Activities\",\"item\":\"https:\\\/\\\/www.maisonboulvern.com\\\/index.php\\\/en\\\/welcome-at-maison-boulvern\\\/activities\\\/\"},{\"@type\":\"ListItem\",\"position\":4,\"name\":\"Festivals and events\"}]},{\"@type\":\"WebSite\",\"@id\":\"https:\\\/\\\/www.maisonboulvern.com\\\/#website\",\"url\":\"https:\\\/\\\/www.maisonboulvern.com\\\/\",\"name\":\"Maison Boulvern\",\"description\":\"Chambres d&#039;h\u00f4tes de charme au c\u0153ur du Finist\u00e8re\",\"publisher\":{\"@id\":\"https:\\\/\\\/www.maisonboulvern.com\\\/#organization\"},\"potentialAction\":[{\"@type\":\"SearchAction\",\"target\":{\"@type\":\"EntryPoint\",\"urlTemplate\":\"https:\\\/\\\/www.maisonboulvern.com\\\/?s={search_term_string}\"},\"query-input\":{\"@type\":\"PropertyValueSpecification\",\"valueRequired\":true,\"valueName\":\"search_term_string\"}}],\"inLanguage\":\"fr-FR\"},{\"@type\":\"Organization\",\"@id\":\"https:\\\/\\\/www.maisonboulvern.com\\\/#organization\",\"name\":\"Maison Boulvern\",\"url\":\"https:\\\/\\\/www.maisonboulvern.com\\\/\",\"logo\":{\"@type\":\"ImageObject\",\"inLanguage\":\"fr-FR\",\"@id\":\"https:\\\/\\\/www.maisonboulvern.com\\\/#\\\/schema\\\/logo\\\/image\\\/\",\"url\":\"https:\\\/\\\/www.maisonboulvern.com\\\/wp-content\\\/uploads\\\/2020\\\/06\\\/Icone_512x512.jpg\",\"contentUrl\":\"https:\\\/\\\/www.maisonboulvern.com\\\/wp-content\\\/uploads\\\/2020\\\/06\\\/Icone_512x512.jpg\",\"width\":2135,\"height\":2135,\"caption\":\"Maison Boulvern\"},\"image\":{\"@id\":\"https:\\\/\\\/www.maisonboulvern.com\\\/#\\\/schema\\\/logo\\\/image\\\/\"}}]}<\/script>\n<!-- \/ Yoast SEO plugin. -->","yoast_head_json":{"title":"Festivals and events - Maison Boulvern","robots":{"index":"index","follow":"follow","max-snippet":"max-snippet:-1","max-image-preview":"max-image-preview:large","max-video-preview":"max-video-preview:-1"},"canonical":"https:\/\/www.maisonboulvern.com\/index.php\/en\/welcome-at-maison-boulvern\/activities\/festivals-and-events\/","og_locale":"fr_FR","og_type":"article","og_title":"Festivals and events - Maison Boulvern","og_description":"Meet original Brittany Throughout the year several Breton events are organized. Because there is so much to do we refer to the website of the Breton Tourist Information. Visit our Facebook for events. We prefer to inform you during your stay at Maison Boulvern.","og_url":"https:\/\/www.maisonboulvern.com\/index.php\/en\/welcome-at-maison-boulvern\/activities\/festivals-and-events\/","og_site_name":"Maison Boulvern","article_modified_time":"2020-02-11T12:13:28+00:00","og_image":[{"width":2000,"height":1065,"url":"https:\/\/i0.wp.com\/www.maisonboulvern.com\/wp-content\/uploads\/2018\/08\/Pardon-StAnne_2000x1065.jpg?fit=2000%2C1065&ssl=1","type":"image\/jpeg"}],"twitter_card":"summary_large_image","schema":{"@context":"https:\/\/schema.org","@graph":[{"@type":"WebPage","@id":"https:\/\/www.maisonboulvern.com\/index.php\/en\/welcome-at-maison-boulvern\/activities\/festivals-and-events\/","url":"https:\/\/www.maisonboulvern.com\/index.php\/en\/welcome-at-maison-boulvern\/activities\/festivals-and-events\/","name":"Festivals and events - Maison Boulvern","isPartOf":{"@id":"https:\/\/www.maisonboulvern.com\/#website"},"primaryImageOfPage":{"@id":"https:\/\/www.maisonboulvern.com\/index.php\/en\/welcome-at-maison-boulvern\/activities\/festivals-and-events\/#primaryimage"},"image":{"@id":"https:\/\/www.maisonboulvern.com\/index.php\/en\/welcome-at-maison-boulvern\/activities\/festivals-and-events\/#primaryimage"},"thumbnailUrl":"https:\/\/www.maisonboulvern.com\/wp-content\/uploads\/2018\/08\/Pardon-StAnne_2000x1065.jpg","datePublished":"2017-05-16T18:30:58+00:00","dateModified":"2020-02-11T12:13:28+00:00","breadcrumb":{"@id":"https:\/\/www.maisonboulvern.com\/index.php\/en\/welcome-at-maison-boulvern\/activities\/festivals-and-events\/#breadcrumb"},"inLanguage":"fr-FR","potentialAction":[{"@type":"ReadAction","target":["https:\/\/www.maisonboulvern.com\/index.php\/en\/welcome-at-maison-boulvern\/activities\/festivals-and-events\/"]}]},{"@type":"ImageObject","inLanguage":"fr-FR","@id":"https:\/\/www.maisonboulvern.com\/index.php\/en\/welcome-at-maison-boulvern\/activities\/festivals-and-events\/#primaryimage","url":"https:\/\/www.maisonboulvern.com\/wp-content\/uploads\/2018\/08\/Pardon-StAnne_2000x1065.jpg","contentUrl":"https:\/\/www.maisonboulvern.com\/wp-content\/uploads\/2018\/08\/Pardon-StAnne_2000x1065.jpg","width":2000,"height":1065},{"@type":"BreadcrumbList","@id":"https:\/\/www.maisonboulvern.com\/index.php\/en\/welcome-at-maison-boulvern\/activities\/festivals-and-events\/#breadcrumb","itemListElement":[{"@type":"ListItem","position":1,"name":"Accueil","item":"https:\/\/www.maisonboulvern.com\/index.php\/fr\/"},{"@type":"ListItem","position":2,"name":"Welcome at Maison Boulvern","item":"https:\/\/www.maisonboulvern.com\/index.php\/en\/"},{"@type":"ListItem","position":3,"name":"Activities","item":"https:\/\/www.maisonboulvern.com\/index.php\/en\/welcome-at-maison-boulvern\/activities\/"},{"@type":"ListItem","position":4,"name":"Festivals and events"}]},{"@type":"WebSite","@id":"https:\/\/www.maisonboulvern.com\/#website","url":"https:\/\/www.maisonboulvern.com\/","name":"Maison Boulvern","description":"Chambres d&#039;h\u00f4tes de charme au c\u0153ur du Finist\u00e8re","publisher":{"@id":"https:\/\/www.maisonboulvern.com\/#organization"},"potentialAction":[{"@type":"SearchAction","target":{"@type":"EntryPoint","urlTemplate":"https:\/\/www.maisonboulvern.com\/?s={search_term_string}"},"query-input":{"@type":"PropertyValueSpecification","valueRequired":true,"valueName":"search_term_string"}}],"inLanguage":"fr-FR"},{"@type":"Organization","@id":"https:\/\/www.maisonboulvern.com\/#organization","name":"Maison Boulvern","url":"https:\/\/www.maisonboulvern.com\/","logo":{"@type":"ImageObject","inLanguage":"fr-FR","@id":"https:\/\/www.maisonboulvern.com\/#\/schema\/logo\/image\/","url":"https:\/\/www.maisonboulvern.com\/wp-content\/uploads\/2020\/06\/Icone_512x512.jpg","contentUrl":"https:\/\/www.maisonboulvern.com\/wp-content\/uploads\/2020\/06\/Icone_512x512.jpg","width":2135,"height":2135,"caption":"Maison Boulvern"},"image":{"@id":"https:\/\/www.maisonboulvern.com\/#\/schema\/logo\/image\/"}}]}},"_links":{"self":[{"href":"https:\/\/www.maisonboulvern.com\/index.php\/wp-json\/wp\/v2\/pages\/932","targetHints":{"allow":["GET"]}}],"collection":[{"href":"https:\/\/www.maisonboulvern.com\/index.php\/wp-json\/wp\/v2\/pages"}],"about":[{"href":"https:\/\/www.maisonboulvern.com\/index.php\/wp-json\/wp\/v2\/types\/page"}],"author":[{"embeddable":true,"href":"https:\/\/www.maisonboulvern.com\/index.php\/wp-json\/wp\/v2\/users\/1"}],"replies":[{"embeddable":true,"href":"https:\/\/www.maisonboulvern.com\/index.php\/wp-json\/wp\/v2\/comments?post=932"}],"version-history":[{"count":2,"href":"https:\/\/www.maisonboulvern.com\/index.php\/wp-json\/wp\/v2\/pages\/932\/revisions"}],"predecessor-version":[{"id":1223,"href":"https:\/\/www.maisonboulvern.com\/index.php\/wp-json\/wp\/v2\/pages\/932\/revisions\/1223"}],"up":[{"embeddable":true,"href":"https:\/\/www.maisonboulvern.com\/index.php\/wp-json\/wp\/v2\/pages\/928"}],"wp:featuredmedia":[{"embeddable":true,"href":"https:\/\/www.maisonboulvern.com\/index.php\/wp-json\/wp\/v2\/media\/503"}],"wp:attachment":[{"href":"https:\/\/www.maisonboulvern.com\/index.php\/wp-json\/wp\/v2\/media?parent=932"}],"curies":[{"name":"wp","href":"https:\/\/api.w.org\/{rel}","templated":true}]}}