{"id":936,"date":"2017-05-16T14:43:48","date_gmt":"2017-05-16T14:43:48","guid":{"rendered":"http:\/\/maisonboulvern.com\/?page_id=936"},"modified":"2020-02-11T12:47:11","modified_gmt":"2020-02-11T11:47:11","slug":"natural-heritage","status":"publish","type":"page","link":"https:\/\/www.maisonboulvern.com\/index.php\/en\/welcome-at-maison-boulvern\/activities\/natural-heritage\/","title":{"rendered":"Natural heritage"},"content":{"rendered":"\n<p>Preservation of fauna, flora and the sea side gives you the opportunity to experience genuine Brittany. Please, ask us for information or arrange activities for you.<\/p>\n\n\n\n<p><span style=\"text-decoration: underline;\">QUIMPER CORNOUAILLE<\/span><\/p>\n\n\n\n<p><em><strong>Menez-Hom<\/strong><\/em><\/p>\n\n\n\n<p>This mountain of 330 meters is the highest point of Brittany. It is easy to climb and rewards you with an amazing view of the surroundings. From here you can see all quarters and enjoy a spectacular sunset. The Menez-Hom is an old volcano. It is popular among paragliders.<\/p>\n\n\n\n<p><em><strong>Point du Raz<\/strong><\/em><\/p>\n\n\n\n<p>This place is known for its view on the ocean and Ile de Seine.&nbsp;&nbsp;High waves beat steep rocks and it feels as being at the outer parts of the world.<em>&nbsp;<\/em>The surroundings of Point du Raz are nature conservancy areas. They are the habitat of seabirds.<\/p>\n\n\n\n<p><em><strong>Ile de Seine<\/strong><\/em><\/p>\n\n\n\n<p>From this isle you can see the Point du Raz from a different perspective. From this former World War 2 bulwark of resistance you can see the beach, the ocean and the locals\u2019 colourful houses.<\/p>\n\n\n\n<p><em><strong>Mousterlin \u2013 Fouesnant<\/strong><\/em><\/p>\n\n\n\n<p>Bird watchers just have to visit this region. In the polder between&nbsp;&nbsp;Mousterlin and Fouesnant you will find a bird sanctuary. During summertime the local tourist office organizes walks here.<\/p>\n\n\n\n<p><em><strong>the Fouesnant coast<\/strong><\/em><\/p>\n\n\n\n<p>White beaches and blue-green water make this place a paradise for offshore fishing. The sea view is overwhelming. It is the place to spend a lazy day or walk the marked 9 km route along the coast. There are also longer walks from here (GR34, the so-called customs path, 1800 kilometres along the Breton and Norman coast).<\/p>\n\n\n\n<p><span style=\"text-decoration: underline;\">BREST TERRES OC\u00c9ANES<\/span><\/p>\n\n\n\n<p><em><strong>Tour du cap de la Chevre<\/strong><\/em><\/p>\n\n\n\n<p>Another beautiful spot along the coast. When the sky is bright you can see several islands from the&nbsp;<em>cap.&nbsp;<\/em>&nbsp;<\/p>\n\n\n\n<p>There is a marked day\u2019s march leading you along the coast and through the inland, from&nbsp;<em>Morgat<\/em>&nbsp;to the castle of&nbsp;<em>Dinan<\/em>. Do not forget to take a look at the&nbsp;<em>Pointe de Saint-Hernot<\/em>, the magnificent bay of&nbsp;<em>Porz Cr\u00e9guen<\/em>&nbsp;and the cliff above the beach of&nbsp;<em>La Palue<\/em>.<\/p>\n\n\n\n<p><em><strong>Archipel de Ouessant<\/strong><\/em><\/p>\n\n\n\n<p>Literally the&nbsp;<em>Finistere<\/em>, the end of the world. This archipelago consists of 7 island of which only&nbsp;<em>Ouessant<\/em>&nbsp;and&nbsp;<em>Molene<\/em>&nbsp;are inhabited. With&nbsp;<em>Compagnie maritime Penn ar Bed y<\/em>ou can take the boat to one of the islands or you can make a round trip to admire the animals, landscapes and the lighthouses.<\/p>\n\n\n\n<p><em><strong>Parc naturel regional d\u2019Armorique<\/strong><\/em><\/p>\n\n\n\n<p>A regional nature reserve&nbsp;&nbsp;of some 125.000 acres, stretches from the&nbsp;<em>Mont d\u2019Arr\u00e9e<\/em>&nbsp;to the islands of the&nbsp;<em>Mer d\u2019Iroise<\/em>, enclosing varied and authentic landscapes. Heath, peat moors, dunes, cliffs and woods: together they are the image of Brittany and offer surprising discoveries.<\/p>\n\n\n\n<p>You can walk or go by car and choose special places to go or visit villages where you will find the authentic Breton culture.&nbsp;<\/p>\n\n\n\n<p><em><strong>Huelgoat<\/strong><\/em><\/p>\n\n\n\n<p><em>Huelgoat<\/em>&nbsp;harbours a legendary wood and is the cradle of many Celtic legends among which Arthur and Merlin. The river&nbsp;<em>Argent<\/em>&nbsp;is the home of fairies. The rocky landscape seems to join this storybook place. Some rocks resemble shapes like a bed, a wooden spoon, a fork and an umbrella.&nbsp;<\/p>\n","protected":false},"excerpt":{"rendered":"<p>Preservation of fauna, flora and the sea side gives you the opportunity to experience genuine Brittany. Please, ask us for information or arrange activities for you. QUIMPER CORNOUAILLE Menez-Hom This mountain of 330 meters is the highest point of Brittany. It is easy to climb and rewards you with an amazing view of the surroundings. &hellip; <a href=\"https:\/\/www.maisonboulvern.com\/index.php\/en\/welcome-at-maison-boulvern\/activities\/natural-heritage\/\" class=\"more-link\">Continue reading<span class=\"screen-reader-text\"> \u00ab\u00a0Natural heritage\u00a0\u00bb<\/span><\/a><\/p>\n","protected":false},"author":1,"featured_media":541,"parent":928,"menu_order":0,"comment_status":"closed","ping_status":"closed","template":"","meta":{"footnotes":""},"class_list":["post-936","page","type-page","status-publish","has-post-thumbnail","hentry"],"yoast_head":"<!-- This site is optimized with the Yoast SEO plugin v27.5 - https:\/\/yoast.com\/product\/yoast-seo-wordpress\/ -->\n<title>Natural heritage - Maison Boulvern<\/title>\n<meta name=\"robots\" content=\"index, follow, max-snippet:-1, max-image-preview:large, max-video-preview:-1\" \/>\n<link rel=\"canonical\" href=\"https:\/\/www.maisonboulvern.com\/index.php\/en\/welcome-at-maison-boulvern\/activities\/natural-heritage\/\" \/>\n<meta property=\"og:locale\" content=\"fr_FR\" \/>\n<meta property=\"og:type\" content=\"article\" \/>\n<meta property=\"og:title\" content=\"Natural heritage - Maison Boulvern\" \/>\n<meta property=\"og:description\" content=\"Preservation of fauna, flora and the sea side gives you the opportunity to experience genuine Brittany. Please, ask us for information or arrange activities for you. QUIMPER CORNOUAILLE Menez-Hom This mountain of 330 meters is the highest point of Brittany. It is easy to climb and rewards you with an amazing view of the surroundings. &hellip; Continue reading &quot;Natural heritage&quot;\" \/>\n<meta property=\"og:url\" content=\"https:\/\/www.maisonboulvern.com\/index.php\/en\/welcome-at-maison-boulvern\/activities\/natural-heritage\/\" \/>\n<meta property=\"og:site_name\" content=\"Maison Boulvern\" \/>\n<meta property=\"article:modified_time\" content=\"2020-02-11T11:47:11+00:00\" \/>\n<meta property=\"og:image\" content=\"https:\/\/i0.wp.com\/www.maisonboulvern.com\/wp-content\/uploads\/2018\/08\/St-Michel-Braspart_2000x1065.jpg?fit=2000%2C1065&ssl=1\" \/>\n\t<meta property=\"og:image:width\" content=\"2000\" \/>\n\t<meta property=\"og:image:height\" content=\"1065\" \/>\n\t<meta property=\"og:image:type\" content=\"image\/jpeg\" \/>\n<meta name=\"twitter:card\" content=\"summary_large_image\" \/>\n<meta name=\"twitter:label1\" content=\"Dur\u00e9e de lecture estim\u00e9e\" \/>\n\t<meta name=\"twitter:data1\" content=\"3 minutes\" \/>\n<script type=\"application\/ld+json\" class=\"yoast-schema-graph\">{\"@context\":\"https:\\\/\\\/schema.org\",\"@graph\":[{\"@type\":\"WebPage\",\"@id\":\"https:\\\/\\\/www.maisonboulvern.com\\\/index.php\\\/en\\\/welcome-at-maison-boulvern\\\/activities\\\/natural-heritage\\\/\",\"url\":\"https:\\\/\\\/www.maisonboulvern.com\\\/index.php\\\/en\\\/welcome-at-maison-boulvern\\\/activities\\\/natural-heritage\\\/\",\"name\":\"Natural heritage - Maison Boulvern\",\"isPartOf\":{\"@id\":\"https:\\\/\\\/www.maisonboulvern.com\\\/#website\"},\"primaryImageOfPage\":{\"@id\":\"https:\\\/\\\/www.maisonboulvern.com\\\/index.php\\\/en\\\/welcome-at-maison-boulvern\\\/activities\\\/natural-heritage\\\/#primaryimage\"},\"image\":{\"@id\":\"https:\\\/\\\/www.maisonboulvern.com\\\/index.php\\\/en\\\/welcome-at-maison-boulvern\\\/activities\\\/natural-heritage\\\/#primaryimage\"},\"thumbnailUrl\":\"https:\\\/\\\/www.maisonboulvern.com\\\/wp-content\\\/uploads\\\/2018\\\/08\\\/St-Michel-Braspart_2000x1065.jpg\",\"datePublished\":\"2017-05-16T14:43:48+00:00\",\"dateModified\":\"2020-02-11T11:47:11+00:00\",\"breadcrumb\":{\"@id\":\"https:\\\/\\\/www.maisonboulvern.com\\\/index.php\\\/en\\\/welcome-at-maison-boulvern\\\/activities\\\/natural-heritage\\\/#breadcrumb\"},\"inLanguage\":\"fr-FR\",\"potentialAction\":[{\"@type\":\"ReadAction\",\"target\":[\"https:\\\/\\\/www.maisonboulvern.com\\\/index.php\\\/en\\\/welcome-at-maison-boulvern\\\/activities\\\/natural-heritage\\\/\"]}]},{\"@type\":\"ImageObject\",\"inLanguage\":\"fr-FR\",\"@id\":\"https:\\\/\\\/www.maisonboulvern.com\\\/index.php\\\/en\\\/welcome-at-maison-boulvern\\\/activities\\\/natural-heritage\\\/#primaryimage\",\"url\":\"https:\\\/\\\/www.maisonboulvern.com\\\/wp-content\\\/uploads\\\/2018\\\/08\\\/St-Michel-Braspart_2000x1065.jpg\",\"contentUrl\":\"https:\\\/\\\/www.maisonboulvern.com\\\/wp-content\\\/uploads\\\/2018\\\/08\\\/St-Michel-Braspart_2000x1065.jpg\",\"width\":2000,\"height\":1065},{\"@type\":\"BreadcrumbList\",\"@id\":\"https:\\\/\\\/www.maisonboulvern.com\\\/index.php\\\/en\\\/welcome-at-maison-boulvern\\\/activities\\\/natural-heritage\\\/#breadcrumb\",\"itemListElement\":[{\"@type\":\"ListItem\",\"position\":1,\"name\":\"Accueil\",\"item\":\"https:\\\/\\\/www.maisonboulvern.com\\\/index.php\\\/fr\\\/\"},{\"@type\":\"ListItem\",\"position\":2,\"name\":\"Welcome at Maison Boulvern\",\"item\":\"https:\\\/\\\/www.maisonboulvern.com\\\/index.php\\\/en\\\/\"},{\"@type\":\"ListItem\",\"position\":3,\"name\":\"Activities\",\"item\":\"https:\\\/\\\/www.maisonboulvern.com\\\/index.php\\\/en\\\/welcome-at-maison-boulvern\\\/activities\\\/\"},{\"@type\":\"ListItem\",\"position\":4,\"name\":\"Natural heritage\"}]},{\"@type\":\"WebSite\",\"@id\":\"https:\\\/\\\/www.maisonboulvern.com\\\/#website\",\"url\":\"https:\\\/\\\/www.maisonboulvern.com\\\/\",\"name\":\"Maison Boulvern\",\"description\":\"Chambres d&#039;h\u00f4tes de charme au c\u0153ur du Finist\u00e8re\",\"publisher\":{\"@id\":\"https:\\\/\\\/www.maisonboulvern.com\\\/#organization\"},\"potentialAction\":[{\"@type\":\"SearchAction\",\"target\":{\"@type\":\"EntryPoint\",\"urlTemplate\":\"https:\\\/\\\/www.maisonboulvern.com\\\/?s={search_term_string}\"},\"query-input\":{\"@type\":\"PropertyValueSpecification\",\"valueRequired\":true,\"valueName\":\"search_term_string\"}}],\"inLanguage\":\"fr-FR\"},{\"@type\":\"Organization\",\"@id\":\"https:\\\/\\\/www.maisonboulvern.com\\\/#organization\",\"name\":\"Maison Boulvern\",\"url\":\"https:\\\/\\\/www.maisonboulvern.com\\\/\",\"logo\":{\"@type\":\"ImageObject\",\"inLanguage\":\"fr-FR\",\"@id\":\"https:\\\/\\\/www.maisonboulvern.com\\\/#\\\/schema\\\/logo\\\/image\\\/\",\"url\":\"https:\\\/\\\/www.maisonboulvern.com\\\/wp-content\\\/uploads\\\/2020\\\/06\\\/Icone_512x512.jpg\",\"contentUrl\":\"https:\\\/\\\/www.maisonboulvern.com\\\/wp-content\\\/uploads\\\/2020\\\/06\\\/Icone_512x512.jpg\",\"width\":2135,\"height\":2135,\"caption\":\"Maison Boulvern\"},\"image\":{\"@id\":\"https:\\\/\\\/www.maisonboulvern.com\\\/#\\\/schema\\\/logo\\\/image\\\/\"}}]}<\/script>\n<!-- \/ Yoast SEO plugin. -->","yoast_head_json":{"title":"Natural heritage - Maison Boulvern","robots":{"index":"index","follow":"follow","max-snippet":"max-snippet:-1","max-image-preview":"max-image-preview:large","max-video-preview":"max-video-preview:-1"},"canonical":"https:\/\/www.maisonboulvern.com\/index.php\/en\/welcome-at-maison-boulvern\/activities\/natural-heritage\/","og_locale":"fr_FR","og_type":"article","og_title":"Natural heritage - Maison Boulvern","og_description":"Preservation of fauna, flora and the sea side gives you the opportunity to experience genuine Brittany. Please, ask us for information or arrange activities for you. QUIMPER CORNOUAILLE Menez-Hom This mountain of 330 meters is the highest point of Brittany. It is easy to climb and rewards you with an amazing view of the surroundings. &hellip; Continue reading \"Natural heritage\"","og_url":"https:\/\/www.maisonboulvern.com\/index.php\/en\/welcome-at-maison-boulvern\/activities\/natural-heritage\/","og_site_name":"Maison Boulvern","article_modified_time":"2020-02-11T11:47:11+00:00","og_image":[{"width":2000,"height":1065,"url":"https:\/\/i0.wp.com\/www.maisonboulvern.com\/wp-content\/uploads\/2018\/08\/St-Michel-Braspart_2000x1065.jpg?fit=2000%2C1065&ssl=1","type":"image\/jpeg"}],"twitter_card":"summary_large_image","twitter_misc":{"Dur\u00e9e de lecture estim\u00e9e":"3 minutes"},"schema":{"@context":"https:\/\/schema.org","@graph":[{"@type":"WebPage","@id":"https:\/\/www.maisonboulvern.com\/index.php\/en\/welcome-at-maison-boulvern\/activities\/natural-heritage\/","url":"https:\/\/www.maisonboulvern.com\/index.php\/en\/welcome-at-maison-boulvern\/activities\/natural-heritage\/","name":"Natural heritage - Maison Boulvern","isPartOf":{"@id":"https:\/\/www.maisonboulvern.com\/#website"},"primaryImageOfPage":{"@id":"https:\/\/www.maisonboulvern.com\/index.php\/en\/welcome-at-maison-boulvern\/activities\/natural-heritage\/#primaryimage"},"image":{"@id":"https:\/\/www.maisonboulvern.com\/index.php\/en\/welcome-at-maison-boulvern\/activities\/natural-heritage\/#primaryimage"},"thumbnailUrl":"https:\/\/www.maisonboulvern.com\/wp-content\/uploads\/2018\/08\/St-Michel-Braspart_2000x1065.jpg","datePublished":"2017-05-16T14:43:48+00:00","dateModified":"2020-02-11T11:47:11+00:00","breadcrumb":{"@id":"https:\/\/www.maisonboulvern.com\/index.php\/en\/welcome-at-maison-boulvern\/activities\/natural-heritage\/#breadcrumb"},"inLanguage":"fr-FR","potentialAction":[{"@type":"ReadAction","target":["https:\/\/www.maisonboulvern.com\/index.php\/en\/welcome-at-maison-boulvern\/activities\/natural-heritage\/"]}]},{"@type":"ImageObject","inLanguage":"fr-FR","@id":"https:\/\/www.maisonboulvern.com\/index.php\/en\/welcome-at-maison-boulvern\/activities\/natural-heritage\/#primaryimage","url":"https:\/\/www.maisonboulvern.com\/wp-content\/uploads\/2018\/08\/St-Michel-Braspart_2000x1065.jpg","contentUrl":"https:\/\/www.maisonboulvern.com\/wp-content\/uploads\/2018\/08\/St-Michel-Braspart_2000x1065.jpg","width":2000,"height":1065},{"@type":"BreadcrumbList","@id":"https:\/\/www.maisonboulvern.com\/index.php\/en\/welcome-at-maison-boulvern\/activities\/natural-heritage\/#breadcrumb","itemListElement":[{"@type":"ListItem","position":1,"name":"Accueil","item":"https:\/\/www.maisonboulvern.com\/index.php\/fr\/"},{"@type":"ListItem","position":2,"name":"Welcome at Maison Boulvern","item":"https:\/\/www.maisonboulvern.com\/index.php\/en\/"},{"@type":"ListItem","position":3,"name":"Activities","item":"https:\/\/www.maisonboulvern.com\/index.php\/en\/welcome-at-maison-boulvern\/activities\/"},{"@type":"ListItem","position":4,"name":"Natural heritage"}]},{"@type":"WebSite","@id":"https:\/\/www.maisonboulvern.com\/#website","url":"https:\/\/www.maisonboulvern.com\/","name":"Maison Boulvern","description":"Chambres d&#039;h\u00f4tes de charme au c\u0153ur du Finist\u00e8re","publisher":{"@id":"https:\/\/www.maisonboulvern.com\/#organization"},"potentialAction":[{"@type":"SearchAction","target":{"@type":"EntryPoint","urlTemplate":"https:\/\/www.maisonboulvern.com\/?s={search_term_string}"},"query-input":{"@type":"PropertyValueSpecification","valueRequired":true,"valueName":"search_term_string"}}],"inLanguage":"fr-FR"},{"@type":"Organization","@id":"https:\/\/www.maisonboulvern.com\/#organization","name":"Maison Boulvern","url":"https:\/\/www.maisonboulvern.com\/","logo":{"@type":"ImageObject","inLanguage":"fr-FR","@id":"https:\/\/www.maisonboulvern.com\/#\/schema\/logo\/image\/","url":"https:\/\/www.maisonboulvern.com\/wp-content\/uploads\/2020\/06\/Icone_512x512.jpg","contentUrl":"https:\/\/www.maisonboulvern.com\/wp-content\/uploads\/2020\/06\/Icone_512x512.jpg","width":2135,"height":2135,"caption":"Maison Boulvern"},"image":{"@id":"https:\/\/www.maisonboulvern.com\/#\/schema\/logo\/image\/"}}]}},"_links":{"self":[{"href":"https:\/\/www.maisonboulvern.com\/index.php\/wp-json\/wp\/v2\/pages\/936","targetHints":{"allow":["GET"]}}],"collection":[{"href":"https:\/\/www.maisonboulvern.com\/index.php\/wp-json\/wp\/v2\/pages"}],"about":[{"href":"https:\/\/www.maisonboulvern.com\/index.php\/wp-json\/wp\/v2\/types\/page"}],"author":[{"embeddable":true,"href":"https:\/\/www.maisonboulvern.com\/index.php\/wp-json\/wp\/v2\/users\/1"}],"replies":[{"embeddable":true,"href":"https:\/\/www.maisonboulvern.com\/index.php\/wp-json\/wp\/v2\/comments?post=936"}],"version-history":[{"count":2,"href":"https:\/\/www.maisonboulvern.com\/index.php\/wp-json\/wp\/v2\/pages\/936\/revisions"}],"predecessor-version":[{"id":1214,"href":"https:\/\/www.maisonboulvern.com\/index.php\/wp-json\/wp\/v2\/pages\/936\/revisions\/1214"}],"up":[{"embeddable":true,"href":"https:\/\/www.maisonboulvern.com\/index.php\/wp-json\/wp\/v2\/pages\/928"}],"wp:featuredmedia":[{"embeddable":true,"href":"https:\/\/www.maisonboulvern.com\/index.php\/wp-json\/wp\/v2\/media\/541"}],"wp:attachment":[{"href":"https:\/\/www.maisonboulvern.com\/index.php\/wp-json\/wp\/v2\/media?parent=936"}],"curies":[{"name":"wp","href":"https:\/\/api.w.org\/{rel}","templated":true}]}}